{"id":9206,"date":"2024-07-19T01:09:50","date_gmt":"2024-07-19T01:09:50","guid":{"rendered":"https:\/\/rc-inrikes.com\/shop\/?post_type=product&#038;p=9206"},"modified":"2026-04-21T14:01:42","modified_gmt":"2026-04-21T14:01:42","slug":"4b-mar-2-tabletter","status":"publish","type":"product","link":"https:\/\/rc-inrikes.com\/shop\/product\/4b-mar-2-tabletter\/","title":{"rendered":"4B-MAR tabletter 18mg -Perfekt balanserade."},"content":{"rendered":"","protected":false},"excerpt":{"rendered":"<p><strong>Klass:<\/strong> &#8221;4B-Mar tabletter 18mg\/st &#8212; &#8221;MYCKET POPUL\u00c4RA!<br \/>\n<strong>Form:<\/strong> Tablett, rund 6mm , Gula. Munsunderdsm\u00e4ltande,<br \/>\n<strong>Inneh\u00e5ll:<\/strong> 18mg 4-B-MAR &#8211; V\u00e4ldigt popul\u00e4r forskningspellets. Perfekt balanserad s\u00e5 1st \u00e4r tr\u00f6skeldos, och 2 st \u00e4r s\u00e5 det k\u00e4nns.<br \/>\n<strong>Formal Name:<\/strong> 4&#8242;-Brome-4-methylaminorex<\/p>\n","protected":false},"featured_media":92,"template":"","meta":[],"product_brand":[],"product_cat":[16],"product_tag":[],"class_list":{"0":"post-9206","1":"product","2":"type-product","3":"status-publish","4":"has-post-thumbnail","6":"product_cat-kemikalier","8":"first","9":"instock","10":"sold-individually","11":"purchasable","12":"product-type-variable","13":"has-default-attributes"},"yoast_head":"<!-- This site is optimized with the Yoast SEO plugin v27.5 - https:\/\/yoast.com\/product\/yoast-seo-wordpress\/ -->\n<title>4B-MAR tabletter 18mg -Perfekt balanserade. | RC-INRIKES.COM<\/title>\n<meta name=\"robots\" content=\"index, follow, max-snippet:-1, max-image-preview:large, max-video-preview:-1\" \/>\n<link rel=\"canonical\" href=\"https:\/\/rc-inrikes.com\/shop\/product\/4b-mar-2-tabletter\/\" \/>\n<meta property=\"og:locale\" content=\"sv_SE\" \/>\n<meta property=\"og:type\" content=\"article\" \/>\n<meta property=\"og:title\" content=\"4B-MAR tabletter 18mg -Perfekt balanserade. | RC-INRIKES.COM\" \/>\n<meta property=\"og:description\" content=\"Klass: &quot;4B-Mar tabletter 18mg\/st -- &quot;MYCKET POPUL\u00c4RA! Form: Tablett, rund 6mm , Gula. Munsunderdsm\u00e4ltande, Inneh\u00e5ll: 18mg 4-B-MAR - V\u00e4ldigt popul\u00e4r forskningspellets. Perfekt balanserad s\u00e5 1st \u00e4r tr\u00f6skeldos, och 2 st \u00e4r s\u00e5 det k\u00e4nns. Formal Name: 4&#039;-Brome-4-methylaminorex\" \/>\n<meta property=\"og:url\" content=\"https:\/\/rc-inrikes.com\/shop\/product\/4b-mar-2-tabletter\/\" \/>\n<meta property=\"og:site_name\" content=\"RC-INRIKES.COM\" \/>\n<meta property=\"article:modified_time\" content=\"2026-04-21T14:01:42+00:00\" \/>\n<meta property=\"og:image\" content=\"https:\/\/rc-inrikes.com\/shop\/wp-content\/uploads\/2019\/05\/Piller.jpg\" \/>\n\t<meta property=\"og:image:width\" content=\"1000\" \/>\n\t<meta property=\"og:image:height\" content=\"664\" \/>\n\t<meta property=\"og:image:type\" content=\"image\/jpeg\" \/>\n<meta name=\"twitter:card\" content=\"summary_large_image\" \/>\n<script type=\"application\/ld+json\" class=\"yoast-schema-graph\">{\"@context\":\"https:\\\/\\\/schema.org\",\"@graph\":[{\"@type\":\"WebPage\",\"@id\":\"https:\\\/\\\/rc-inrikes.com\\\/shop\\\/product\\\/4b-mar-2-tabletter\\\/\",\"url\":\"https:\\\/\\\/rc-inrikes.com\\\/shop\\\/product\\\/4b-mar-2-tabletter\\\/\",\"name\":\"4B-MAR tabletter 18mg -Perfekt balanserade. | RC-INRIKES.COM\",\"isPartOf\":{\"@id\":\"https:\\\/\\\/rc-inrikes.com\\\/shop\\\/#website\"},\"primaryImageOfPage\":{\"@id\":\"https:\\\/\\\/rc-inrikes.com\\\/shop\\\/product\\\/4b-mar-2-tabletter\\\/#primaryimage\"},\"image\":{\"@id\":\"https:\\\/\\\/rc-inrikes.com\\\/shop\\\/product\\\/4b-mar-2-tabletter\\\/#primaryimage\"},\"thumbnailUrl\":\"https:\\\/\\\/rc-inrikes.com\\\/shop\\\/wp-content\\\/uploads\\\/2019\\\/05\\\/Piller.jpg\",\"datePublished\":\"2024-07-19T01:09:50+00:00\",\"dateModified\":\"2026-04-21T14:01:42+00:00\",\"breadcrumb\":{\"@id\":\"https:\\\/\\\/rc-inrikes.com\\\/shop\\\/product\\\/4b-mar-2-tabletter\\\/#breadcrumb\"},\"inLanguage\":\"sv-SE\",\"potentialAction\":[{\"@type\":\"ReadAction\",\"target\":[\"https:\\\/\\\/rc-inrikes.com\\\/shop\\\/product\\\/4b-mar-2-tabletter\\\/\"]}]},{\"@type\":\"ImageObject\",\"inLanguage\":\"sv-SE\",\"@id\":\"https:\\\/\\\/rc-inrikes.com\\\/shop\\\/product\\\/4b-mar-2-tabletter\\\/#primaryimage\",\"url\":\"https:\\\/\\\/rc-inrikes.com\\\/shop\\\/wp-content\\\/uploads\\\/2019\\\/05\\\/Piller.jpg\",\"contentUrl\":\"https:\\\/\\\/rc-inrikes.com\\\/shop\\\/wp-content\\\/uploads\\\/2019\\\/05\\\/Piller.jpg\",\"width\":1000,\"height\":664},{\"@type\":\"BreadcrumbList\",\"@id\":\"https:\\\/\\\/rc-inrikes.com\\\/shop\\\/product\\\/4b-mar-2-tabletter\\\/#breadcrumb\",\"itemListElement\":[{\"@type\":\"ListItem\",\"position\":1,\"name\":\"Home\",\"item\":\"https:\\\/\\\/rc-inrikes.com\\\/shop\\\/\"},{\"@type\":\"ListItem\",\"position\":2,\"name\":\"Butik\",\"item\":\"https:\\\/\\\/rc-inrikes.com\\\/shop\\\/\"},{\"@type\":\"ListItem\",\"position\":3,\"name\":\"4B-MAR tabletter 18mg -Perfekt balanserade.\"}]},{\"@type\":\"WebSite\",\"@id\":\"https:\\\/\\\/rc-inrikes.com\\\/shop\\\/#website\",\"url\":\"https:\\\/\\\/rc-inrikes.com\\\/shop\\\/\",\"name\":\"RC-INRIKES.COM\",\"description\":\"FORSKNINGSKEMIKALIER P\u00c5 N\u00c4TET\",\"publisher\":{\"@id\":\"https:\\\/\\\/rc-inrikes.com\\\/shop\\\/#organization\"},\"potentialAction\":[{\"@type\":\"SearchAction\",\"target\":{\"@type\":\"EntryPoint\",\"urlTemplate\":\"https:\\\/\\\/rc-inrikes.com\\\/shop\\\/?s={search_term_string}\"},\"query-input\":{\"@type\":\"PropertyValueSpecification\",\"valueRequired\":true,\"valueName\":\"search_term_string\"}}],\"inLanguage\":\"sv-SE\"},{\"@type\":\"Organization\",\"@id\":\"https:\\\/\\\/rc-inrikes.com\\\/shop\\\/#organization\",\"name\":\"RC-INRIKES.COM\",\"url\":\"https:\\\/\\\/rc-inrikes.com\\\/shop\\\/\",\"logo\":{\"@type\":\"ImageObject\",\"inLanguage\":\"sv-SE\",\"@id\":\"https:\\\/\\\/rc-inrikes.com\\\/shop\\\/#\\\/schema\\\/logo\\\/image\\\/\",\"url\":\"https:\\\/\\\/rc-inrikes.com\\\/shop\\\/wp-content\\\/uploads\\\/2019\\\/05\\\/1022molecule.jpg\",\"contentUrl\":\"https:\\\/\\\/rc-inrikes.com\\\/shop\\\/wp-content\\\/uploads\\\/2019\\\/05\\\/1022molecule.jpg\",\"width\":600,\"height\":603,\"caption\":\"RC-INRIKES.COM\"},\"image\":{\"@id\":\"https:\\\/\\\/rc-inrikes.com\\\/shop\\\/#\\\/schema\\\/logo\\\/image\\\/\"}}]}<\/script>\n<!-- \/ Yoast SEO plugin. -->","yoast_head_json":{"title":"4B-MAR tabletter 18mg -Perfekt balanserade. | RC-INRIKES.COM","robots":{"index":"index","follow":"follow","max-snippet":"max-snippet:-1","max-image-preview":"max-image-preview:large","max-video-preview":"max-video-preview:-1"},"canonical":"https:\/\/rc-inrikes.com\/shop\/product\/4b-mar-2-tabletter\/","og_locale":"sv_SE","og_type":"article","og_title":"4B-MAR tabletter 18mg -Perfekt balanserade. | RC-INRIKES.COM","og_description":"Klass: \"4B-Mar tabletter 18mg\/st -- \"MYCKET POPUL\u00c4RA! Form: Tablett, rund 6mm , Gula. Munsunderdsm\u00e4ltande, Inneh\u00e5ll: 18mg 4-B-MAR - V\u00e4ldigt popul\u00e4r forskningspellets. Perfekt balanserad s\u00e5 1st \u00e4r tr\u00f6skeldos, och 2 st \u00e4r s\u00e5 det k\u00e4nns. Formal Name: 4'-Brome-4-methylaminorex","og_url":"https:\/\/rc-inrikes.com\/shop\/product\/4b-mar-2-tabletter\/","og_site_name":"RC-INRIKES.COM","article_modified_time":"2026-04-21T14:01:42+00:00","og_image":[{"width":1000,"height":664,"url":"https:\/\/rc-inrikes.com\/shop\/wp-content\/uploads\/2019\/05\/Piller.jpg","type":"image\/jpeg"}],"twitter_card":"summary_large_image","schema":{"@context":"https:\/\/schema.org","@graph":[{"@type":"WebPage","@id":"https:\/\/rc-inrikes.com\/shop\/product\/4b-mar-2-tabletter\/","url":"https:\/\/rc-inrikes.com\/shop\/product\/4b-mar-2-tabletter\/","name":"4B-MAR tabletter 18mg -Perfekt balanserade. | RC-INRIKES.COM","isPartOf":{"@id":"https:\/\/rc-inrikes.com\/shop\/#website"},"primaryImageOfPage":{"@id":"https:\/\/rc-inrikes.com\/shop\/product\/4b-mar-2-tabletter\/#primaryimage"},"image":{"@id":"https:\/\/rc-inrikes.com\/shop\/product\/4b-mar-2-tabletter\/#primaryimage"},"thumbnailUrl":"https:\/\/rc-inrikes.com\/shop\/wp-content\/uploads\/2019\/05\/Piller.jpg","datePublished":"2024-07-19T01:09:50+00:00","dateModified":"2026-04-21T14:01:42+00:00","breadcrumb":{"@id":"https:\/\/rc-inrikes.com\/shop\/product\/4b-mar-2-tabletter\/#breadcrumb"},"inLanguage":"sv-SE","potentialAction":[{"@type":"ReadAction","target":["https:\/\/rc-inrikes.com\/shop\/product\/4b-mar-2-tabletter\/"]}]},{"@type":"ImageObject","inLanguage":"sv-SE","@id":"https:\/\/rc-inrikes.com\/shop\/product\/4b-mar-2-tabletter\/#primaryimage","url":"https:\/\/rc-inrikes.com\/shop\/wp-content\/uploads\/2019\/05\/Piller.jpg","contentUrl":"https:\/\/rc-inrikes.com\/shop\/wp-content\/uploads\/2019\/05\/Piller.jpg","width":1000,"height":664},{"@type":"BreadcrumbList","@id":"https:\/\/rc-inrikes.com\/shop\/product\/4b-mar-2-tabletter\/#breadcrumb","itemListElement":[{"@type":"ListItem","position":1,"name":"Home","item":"https:\/\/rc-inrikes.com\/shop\/"},{"@type":"ListItem","position":2,"name":"Butik","item":"https:\/\/rc-inrikes.com\/shop\/"},{"@type":"ListItem","position":3,"name":"4B-MAR tabletter 18mg -Perfekt balanserade."}]},{"@type":"WebSite","@id":"https:\/\/rc-inrikes.com\/shop\/#website","url":"https:\/\/rc-inrikes.com\/shop\/","name":"RC-INRIKES.COM","description":"FORSKNINGSKEMIKALIER P\u00c5 N\u00c4TET","publisher":{"@id":"https:\/\/rc-inrikes.com\/shop\/#organization"},"potentialAction":[{"@type":"SearchAction","target":{"@type":"EntryPoint","urlTemplate":"https:\/\/rc-inrikes.com\/shop\/?s={search_term_string}"},"query-input":{"@type":"PropertyValueSpecification","valueRequired":true,"valueName":"search_term_string"}}],"inLanguage":"sv-SE"},{"@type":"Organization","@id":"https:\/\/rc-inrikes.com\/shop\/#organization","name":"RC-INRIKES.COM","url":"https:\/\/rc-inrikes.com\/shop\/","logo":{"@type":"ImageObject","inLanguage":"sv-SE","@id":"https:\/\/rc-inrikes.com\/shop\/#\/schema\/logo\/image\/","url":"https:\/\/rc-inrikes.com\/shop\/wp-content\/uploads\/2019\/05\/1022molecule.jpg","contentUrl":"https:\/\/rc-inrikes.com\/shop\/wp-content\/uploads\/2019\/05\/1022molecule.jpg","width":600,"height":603,"caption":"RC-INRIKES.COM"},"image":{"@id":"https:\/\/rc-inrikes.com\/shop\/#\/schema\/logo\/image\/"}}]}},"_links":{"self":[{"href":"https:\/\/rc-inrikes.com\/shop\/wp-json\/wp\/v2\/product\/9206","targetHints":{"allow":["GET"]}}],"collection":[{"href":"https:\/\/rc-inrikes.com\/shop\/wp-json\/wp\/v2\/product"}],"about":[{"href":"https:\/\/rc-inrikes.com\/shop\/wp-json\/wp\/v2\/types\/product"}],"wp:featuredmedia":[{"embeddable":true,"href":"https:\/\/rc-inrikes.com\/shop\/wp-json\/wp\/v2\/media\/92"}],"wp:attachment":[{"href":"https:\/\/rc-inrikes.com\/shop\/wp-json\/wp\/v2\/media?parent=9206"}],"wp:term":[{"taxonomy":"product_brand","embeddable":true,"href":"https:\/\/rc-inrikes.com\/shop\/wp-json\/wp\/v2\/product_brand?post=9206"},{"taxonomy":"product_cat","embeddable":true,"href":"https:\/\/rc-inrikes.com\/shop\/wp-json\/wp\/v2\/product_cat?post=9206"},{"taxonomy":"product_tag","embeddable":true,"href":"https:\/\/rc-inrikes.com\/shop\/wp-json\/wp\/v2\/product_tag?post=9206"}],"curies":[{"name":"wp","href":"https:\/\/api.w.org\/{rel}","templated":true}]}}