{"id":8579,"date":"2023-07-26T00:22:29","date_gmt":"2023-07-26T00:22:29","guid":{"rendered":"https:\/\/rc-inrikes.com\/shop\/?post_type=product&#038;p=8579"},"modified":"2026-03-28T07:01:29","modified_gmt":"2026-03-28T07:01:29","slug":"flu-etizolam-tabletter-runda-2mg-bensodiazepin","status":"publish","type":"product","link":"https:\/\/rc-inrikes.com\/shop\/product\/flu-etizolam-tabletter-runda-2mg-bensodiazepin\/","title":{"rendered":"Flu-Etizolam Tabletter"},"content":{"rendered":"","protected":false},"excerpt":{"rendered":"<p><strong>Klass:<\/strong> &#8221;Bensodiazepin prodrug&#8221;<\/p>\n<p><strong>Form:<\/strong> Tablett, rund 6mm .<\/p>\n<p><strong>Inneh\u00e5ll:<\/strong> 2mg Flu-etizolam &#8211; V\u00e4ldigt popul\u00e4r forskningspellets.<\/p>\n<p><strong>Formal Name:<\/strong>\u00a0(2-ethyl-4-(2-fluorophenyl)-9-methyl-6H-thieno[3,2-f][1,2,4]triazolo[4,3-a][1,4]diazepine)<\/p>\n","protected":false},"featured_media":92,"template":"","meta":[],"product_brand":[],"product_cat":[16],"product_tag":[],"class_list":{"0":"post-8579","1":"product","2":"type-product","3":"status-publish","4":"has-post-thumbnail","6":"product_cat-kemikalier","8":"first","9":"instock","10":"sold-individually","11":"purchasable","12":"product-type-variable","13":"has-default-attributes"},"yoast_head":"<!-- This site is optimized with the Yoast SEO plugin v27.3 - https:\/\/yoast.com\/product\/yoast-seo-wordpress\/ -->\n<title>Flu-Etizolam Tabletter | RC-INRIKES.COM<\/title>\n<meta name=\"robots\" content=\"index, follow, max-snippet:-1, max-image-preview:large, max-video-preview:-1\" \/>\n<link rel=\"canonical\" href=\"https:\/\/rc-inrikes.com\/shop\/product\/flu-etizolam-tabletter-runda-2mg-bensodiazepin\/\" \/>\n<meta property=\"og:locale\" content=\"sv_SE\" \/>\n<meta property=\"og:type\" content=\"article\" \/>\n<meta property=\"og:title\" content=\"Flu-Etizolam Tabletter | RC-INRIKES.COM\" \/>\n<meta property=\"og:description\" content=\"Klass: &quot;Bensodiazepin prodrug&quot;  Form: Tablett, rund 6mm .  Inneh\u00e5ll: 2mg Flu-etizolam - V\u00e4ldigt popul\u00e4r forskningspellets.  Formal Name:\u00a0(2-ethyl-4-(2-fluorophenyl)-9-methyl-6H-thieno[3,2-f][1,2,4]triazolo[4,3-a][1,4]diazepine)\" \/>\n<meta property=\"og:url\" content=\"https:\/\/rc-inrikes.com\/shop\/product\/flu-etizolam-tabletter-runda-2mg-bensodiazepin\/\" \/>\n<meta property=\"og:site_name\" content=\"RC-INRIKES.COM\" \/>\n<meta property=\"article:modified_time\" content=\"2026-03-28T07:01:29+00:00\" \/>\n<meta property=\"og:image\" content=\"https:\/\/rc-inrikes.com\/shop\/wp-content\/uploads\/2019\/05\/Piller.jpg\" \/>\n\t<meta property=\"og:image:width\" content=\"1000\" \/>\n\t<meta property=\"og:image:height\" content=\"664\" \/>\n\t<meta property=\"og:image:type\" content=\"image\/jpeg\" \/>\n<meta name=\"twitter:card\" content=\"summary_large_image\" \/>\n<script type=\"application\/ld+json\" class=\"yoast-schema-graph\">{\"@context\":\"https:\\\/\\\/schema.org\",\"@graph\":[{\"@type\":\"WebPage\",\"@id\":\"https:\\\/\\\/rc-inrikes.com\\\/shop\\\/product\\\/flu-etizolam-tabletter-runda-2mg-bensodiazepin\\\/\",\"url\":\"https:\\\/\\\/rc-inrikes.com\\\/shop\\\/product\\\/flu-etizolam-tabletter-runda-2mg-bensodiazepin\\\/\",\"name\":\"Flu-Etizolam Tabletter | RC-INRIKES.COM\",\"isPartOf\":{\"@id\":\"https:\\\/\\\/rc-inrikes.com\\\/shop\\\/#website\"},\"primaryImageOfPage\":{\"@id\":\"https:\\\/\\\/rc-inrikes.com\\\/shop\\\/product\\\/flu-etizolam-tabletter-runda-2mg-bensodiazepin\\\/#primaryimage\"},\"image\":{\"@id\":\"https:\\\/\\\/rc-inrikes.com\\\/shop\\\/product\\\/flu-etizolam-tabletter-runda-2mg-bensodiazepin\\\/#primaryimage\"},\"thumbnailUrl\":\"https:\\\/\\\/rc-inrikes.com\\\/shop\\\/wp-content\\\/uploads\\\/2019\\\/05\\\/Piller.jpg\",\"datePublished\":\"2023-07-26T00:22:29+00:00\",\"dateModified\":\"2026-03-28T07:01:29+00:00\",\"breadcrumb\":{\"@id\":\"https:\\\/\\\/rc-inrikes.com\\\/shop\\\/product\\\/flu-etizolam-tabletter-runda-2mg-bensodiazepin\\\/#breadcrumb\"},\"inLanguage\":\"sv-SE\",\"potentialAction\":[{\"@type\":\"ReadAction\",\"target\":[\"https:\\\/\\\/rc-inrikes.com\\\/shop\\\/product\\\/flu-etizolam-tabletter-runda-2mg-bensodiazepin\\\/\"]}]},{\"@type\":\"ImageObject\",\"inLanguage\":\"sv-SE\",\"@id\":\"https:\\\/\\\/rc-inrikes.com\\\/shop\\\/product\\\/flu-etizolam-tabletter-runda-2mg-bensodiazepin\\\/#primaryimage\",\"url\":\"https:\\\/\\\/rc-inrikes.com\\\/shop\\\/wp-content\\\/uploads\\\/2019\\\/05\\\/Piller.jpg\",\"contentUrl\":\"https:\\\/\\\/rc-inrikes.com\\\/shop\\\/wp-content\\\/uploads\\\/2019\\\/05\\\/Piller.jpg\",\"width\":1000,\"height\":664},{\"@type\":\"BreadcrumbList\",\"@id\":\"https:\\\/\\\/rc-inrikes.com\\\/shop\\\/product\\\/flu-etizolam-tabletter-runda-2mg-bensodiazepin\\\/#breadcrumb\",\"itemListElement\":[{\"@type\":\"ListItem\",\"position\":1,\"name\":\"Home\",\"item\":\"https:\\\/\\\/rc-inrikes.com\\\/shop\\\/\"},{\"@type\":\"ListItem\",\"position\":2,\"name\":\"Butik\",\"item\":\"https:\\\/\\\/rc-inrikes.com\\\/shop\\\/\"},{\"@type\":\"ListItem\",\"position\":3,\"name\":\"Flu-Etizolam Tabletter\"}]},{\"@type\":\"WebSite\",\"@id\":\"https:\\\/\\\/rc-inrikes.com\\\/shop\\\/#website\",\"url\":\"https:\\\/\\\/rc-inrikes.com\\\/shop\\\/\",\"name\":\"RC-INRIKES.COM\",\"description\":\"FORSKNINGSKEMIKALIER P\u00c5 N\u00c4TET\",\"publisher\":{\"@id\":\"https:\\\/\\\/rc-inrikes.com\\\/shop\\\/#organization\"},\"potentialAction\":[{\"@type\":\"SearchAction\",\"target\":{\"@type\":\"EntryPoint\",\"urlTemplate\":\"https:\\\/\\\/rc-inrikes.com\\\/shop\\\/?s={search_term_string}\"},\"query-input\":{\"@type\":\"PropertyValueSpecification\",\"valueRequired\":true,\"valueName\":\"search_term_string\"}}],\"inLanguage\":\"sv-SE\"},{\"@type\":\"Organization\",\"@id\":\"https:\\\/\\\/rc-inrikes.com\\\/shop\\\/#organization\",\"name\":\"RC-INRIKES.COM\",\"url\":\"https:\\\/\\\/rc-inrikes.com\\\/shop\\\/\",\"logo\":{\"@type\":\"ImageObject\",\"inLanguage\":\"sv-SE\",\"@id\":\"https:\\\/\\\/rc-inrikes.com\\\/shop\\\/#\\\/schema\\\/logo\\\/image\\\/\",\"url\":\"https:\\\/\\\/rc-inrikes.com\\\/shop\\\/wp-content\\\/uploads\\\/2019\\\/05\\\/1022molecule.jpg\",\"contentUrl\":\"https:\\\/\\\/rc-inrikes.com\\\/shop\\\/wp-content\\\/uploads\\\/2019\\\/05\\\/1022molecule.jpg\",\"width\":600,\"height\":603,\"caption\":\"RC-INRIKES.COM\"},\"image\":{\"@id\":\"https:\\\/\\\/rc-inrikes.com\\\/shop\\\/#\\\/schema\\\/logo\\\/image\\\/\"}}]}<\/script>\n<!-- \/ Yoast SEO plugin. -->","yoast_head_json":{"title":"Flu-Etizolam Tabletter | RC-INRIKES.COM","robots":{"index":"index","follow":"follow","max-snippet":"max-snippet:-1","max-image-preview":"max-image-preview:large","max-video-preview":"max-video-preview:-1"},"canonical":"https:\/\/rc-inrikes.com\/shop\/product\/flu-etizolam-tabletter-runda-2mg-bensodiazepin\/","og_locale":"sv_SE","og_type":"article","og_title":"Flu-Etizolam Tabletter | RC-INRIKES.COM","og_description":"Klass: \"Bensodiazepin prodrug\"  Form: Tablett, rund 6mm .  Inneh\u00e5ll: 2mg Flu-etizolam - V\u00e4ldigt popul\u00e4r forskningspellets.  Formal Name:\u00a0(2-ethyl-4-(2-fluorophenyl)-9-methyl-6H-thieno[3,2-f][1,2,4]triazolo[4,3-a][1,4]diazepine)","og_url":"https:\/\/rc-inrikes.com\/shop\/product\/flu-etizolam-tabletter-runda-2mg-bensodiazepin\/","og_site_name":"RC-INRIKES.COM","article_modified_time":"2026-03-28T07:01:29+00:00","og_image":[{"width":1000,"height":664,"url":"https:\/\/rc-inrikes.com\/shop\/wp-content\/uploads\/2019\/05\/Piller.jpg","type":"image\/jpeg"}],"twitter_card":"summary_large_image","schema":{"@context":"https:\/\/schema.org","@graph":[{"@type":"WebPage","@id":"https:\/\/rc-inrikes.com\/shop\/product\/flu-etizolam-tabletter-runda-2mg-bensodiazepin\/","url":"https:\/\/rc-inrikes.com\/shop\/product\/flu-etizolam-tabletter-runda-2mg-bensodiazepin\/","name":"Flu-Etizolam Tabletter | RC-INRIKES.COM","isPartOf":{"@id":"https:\/\/rc-inrikes.com\/shop\/#website"},"primaryImageOfPage":{"@id":"https:\/\/rc-inrikes.com\/shop\/product\/flu-etizolam-tabletter-runda-2mg-bensodiazepin\/#primaryimage"},"image":{"@id":"https:\/\/rc-inrikes.com\/shop\/product\/flu-etizolam-tabletter-runda-2mg-bensodiazepin\/#primaryimage"},"thumbnailUrl":"https:\/\/rc-inrikes.com\/shop\/wp-content\/uploads\/2019\/05\/Piller.jpg","datePublished":"2023-07-26T00:22:29+00:00","dateModified":"2026-03-28T07:01:29+00:00","breadcrumb":{"@id":"https:\/\/rc-inrikes.com\/shop\/product\/flu-etizolam-tabletter-runda-2mg-bensodiazepin\/#breadcrumb"},"inLanguage":"sv-SE","potentialAction":[{"@type":"ReadAction","target":["https:\/\/rc-inrikes.com\/shop\/product\/flu-etizolam-tabletter-runda-2mg-bensodiazepin\/"]}]},{"@type":"ImageObject","inLanguage":"sv-SE","@id":"https:\/\/rc-inrikes.com\/shop\/product\/flu-etizolam-tabletter-runda-2mg-bensodiazepin\/#primaryimage","url":"https:\/\/rc-inrikes.com\/shop\/wp-content\/uploads\/2019\/05\/Piller.jpg","contentUrl":"https:\/\/rc-inrikes.com\/shop\/wp-content\/uploads\/2019\/05\/Piller.jpg","width":1000,"height":664},{"@type":"BreadcrumbList","@id":"https:\/\/rc-inrikes.com\/shop\/product\/flu-etizolam-tabletter-runda-2mg-bensodiazepin\/#breadcrumb","itemListElement":[{"@type":"ListItem","position":1,"name":"Home","item":"https:\/\/rc-inrikes.com\/shop\/"},{"@type":"ListItem","position":2,"name":"Butik","item":"https:\/\/rc-inrikes.com\/shop\/"},{"@type":"ListItem","position":3,"name":"Flu-Etizolam Tabletter"}]},{"@type":"WebSite","@id":"https:\/\/rc-inrikes.com\/shop\/#website","url":"https:\/\/rc-inrikes.com\/shop\/","name":"RC-INRIKES.COM","description":"FORSKNINGSKEMIKALIER P\u00c5 N\u00c4TET","publisher":{"@id":"https:\/\/rc-inrikes.com\/shop\/#organization"},"potentialAction":[{"@type":"SearchAction","target":{"@type":"EntryPoint","urlTemplate":"https:\/\/rc-inrikes.com\/shop\/?s={search_term_string}"},"query-input":{"@type":"PropertyValueSpecification","valueRequired":true,"valueName":"search_term_string"}}],"inLanguage":"sv-SE"},{"@type":"Organization","@id":"https:\/\/rc-inrikes.com\/shop\/#organization","name":"RC-INRIKES.COM","url":"https:\/\/rc-inrikes.com\/shop\/","logo":{"@type":"ImageObject","inLanguage":"sv-SE","@id":"https:\/\/rc-inrikes.com\/shop\/#\/schema\/logo\/image\/","url":"https:\/\/rc-inrikes.com\/shop\/wp-content\/uploads\/2019\/05\/1022molecule.jpg","contentUrl":"https:\/\/rc-inrikes.com\/shop\/wp-content\/uploads\/2019\/05\/1022molecule.jpg","width":600,"height":603,"caption":"RC-INRIKES.COM"},"image":{"@id":"https:\/\/rc-inrikes.com\/shop\/#\/schema\/logo\/image\/"}}]}},"_links":{"self":[{"href":"https:\/\/rc-inrikes.com\/shop\/wp-json\/wp\/v2\/product\/8579","targetHints":{"allow":["GET"]}}],"collection":[{"href":"https:\/\/rc-inrikes.com\/shop\/wp-json\/wp\/v2\/product"}],"about":[{"href":"https:\/\/rc-inrikes.com\/shop\/wp-json\/wp\/v2\/types\/product"}],"wp:featuredmedia":[{"embeddable":true,"href":"https:\/\/rc-inrikes.com\/shop\/wp-json\/wp\/v2\/media\/92"}],"wp:attachment":[{"href":"https:\/\/rc-inrikes.com\/shop\/wp-json\/wp\/v2\/media?parent=8579"}],"wp:term":[{"taxonomy":"product_brand","embeddable":true,"href":"https:\/\/rc-inrikes.com\/shop\/wp-json\/wp\/v2\/product_brand?post=8579"},{"taxonomy":"product_cat","embeddable":true,"href":"https:\/\/rc-inrikes.com\/shop\/wp-json\/wp\/v2\/product_cat?post=8579"},{"taxonomy":"product_tag","embeddable":true,"href":"https:\/\/rc-inrikes.com\/shop\/wp-json\/wp\/v2\/product_tag?post=8579"}],"curies":[{"name":"wp","href":"https:\/\/api.w.org\/{rel}","templated":true}]}}