{"id":6836,"date":"2018-06-24T14:34:35","date_gmt":"2018-06-24T14:34:35","guid":{"rendered":"https:\/\/rc-inrikes.com\/shop\/?post_type=product&#038;p=6836"},"modified":"2025-04-12T01:52:52","modified_gmt":"2025-04-12T01:52:52","slug":"tianeptin-e-tabletter-0-20mg","status":"publish","type":"product","link":"https:\/\/rc-inrikes.com\/shop\/product\/tianeptin-e-tabletter-0-20mg\/","title":{"rendered":"Tianeptin\/e Tabletter 0.20mg"},"content":{"rendered":"<p><b>Tianeptin<\/b> (varum\u00e4rkena Stablon, Coaxil, Tatinol, Tianeurax och Salymbra) \u00e4r en medicin som anv\u00e4nds prim\u00e4rt i behandlingen av kronisk depression. Den har dock visat p\u00e5 potential som behandling av astma och IBS \u2013 k\u00e4nslig tarm. Kemiskt sett s\u00e5 \u00e4r den n\u00e4ra besl\u00e4ktad med <a title=\"Tricykliska antidepressiva\" href=\"https:\/\/sv.wikipedia.org\/wiki\/Tricykliska_antidepressiva\">tricykliska antidepressiva<\/a> (TCA), men dess farmakologiska egenskaper \u00e4r n\u00e4rmast helt atypiska i j\u00e4mf\u00f6relse med TCA-preparaten \u2013 nyare forskning tyder p\u00e5 att Tianeptin verkar antidepressivt genom indirekt f\u00f6r\u00e4ndring av glutamaterg aktivitet (p\u00e5 AMPA och NMDA -receptorerna) och genom frig\u00f6relse av BDNF, som i sin tur p\u00e5verkar neuroplasticitet. <sup id=\"cite_ref-mp09_1-0\" class=\"reference\"><a href=\"https:\/\/sv.wikipedia.org\/wiki\/Tianeptin#cite_note-mp09-1\"><span class=\"cite-reference-link-bracket\">[<\/span>1<span class=\"cite-reference-link-bracket\">]<\/span><\/a><\/sup><sup id=\"cite_ref-pmid15550348_2-0\" class=\"reference\"><a href=\"https:\/\/sv.wikipedia.org\/wiki\/Tianeptin#cite_note-pmid15550348-2\"><span class=\"cite-reference-link-bracket\">[<\/span>2<span class=\"cite-reference-link-bracket\">]<\/span><\/a><\/sup><sup id=\"cite_ref-pmid15753957_3-0\" class=\"reference\"><a href=\"https:\/\/sv.wikipedia.org\/wiki\/Tianeptin#cite_note-pmid15753957-3\"><span class=\"cite-reference-link-bracket\">[<\/span>3<span class=\"cite-reference-link-bracket\">]<\/span><\/a><\/sup><sup id=\"cite_ref-pmid18221189_4-0\" class=\"reference\"><a href=\"https:\/\/sv.wikipedia.org\/wiki\/Tianeptin#cite_note-pmid18221189-4\"><span class=\"cite-reference-link-bracket\">[<\/span>4<span class=\"cite-reference-link-bracket\">]<\/span><\/a><\/sup><sup id=\"cite_ref-CNS2008_5-0\" class=\"reference\"><a href=\"https:\/\/sv.wikipedia.org\/wiki\/Tianeptin#cite_note-CNS2008-5\"><span class=\"cite-reference-link-bracket\">[<\/span>5<span class=\"cite-reference-link-bracket\">]<\/span><\/a><\/sup><sup id=\"cite_ref-akiki_6-0\" class=\"reference\"><a href=\"https:\/\/sv.wikipedia.org\/wiki\/Tianeptin#cite_note-akiki-6\"><span class=\"cite-reference-link-bracket\">[<\/span>6<span class=\"cite-reference-link-bracket\">]<\/span><\/a><\/sup><\/p>\n<p>Det fullst\u00e4ndiga <a title=\"IUPAC-nomenklatur\" href=\"https:\/\/sv.wikipedia.org\/wiki\/IUPAC-nomenklatur\">systematiska namnet<\/a> f\u00f6r substansen \u00e4r 7-[(3-kloro-6-metyl-5,5-dioxo-11H-benzo[c][2,1]benzotiazepin-11-yl)amino]heptanoisk syra.<\/p>\n<p>Tianeptin har antidepressiva och anxiolytiska (\u00e5ngestd\u00e4mpande) egenskaper<sup id=\"cite_ref-7\" class=\"reference\"><a href=\"https:\/\/sv.wikipedia.org\/wiki\/Tianeptin#cite_note-7\"><span class=\"cite-reference-link-bracket\">[<\/span>7<span class=\"cite-reference-link-bracket\">]<\/span><\/a><\/sup> utan n\u00e5gra framtr\u00e4dande sederande, antikolinerga eller kardiovaskul\u00e4ra bieffekter, vilket har gjort att den anses som s\u00e4rskilt l\u00e4mplig i v\u00e5rden av \u00e4ldre och alkoholister, d\u00e5 s\u00e5dana personer kan vara mer k\u00e4nsliga f\u00f6r bieffekter fr\u00e5n psykotropiska mediciner.<sup id=\"cite_ref-CNS2008_5-1\" class=\"reference\"><a href=\"https:\/\/sv.wikipedia.org\/wiki\/Tianeptin#cite_note-CNS2008-5\"><span class=\"cite-reference-link-bracket\">[<\/span>5<span class=\"cite-reference-link-bracket\">]<\/span><\/a><\/sup><sup id=\"cite_ref-Tian2001_8-0\" class=\"reference\"><a href=\"https:\/\/sv.wikipedia.org\/wiki\/Tianeptin#cite_note-Tian2001-8\"><span class=\"cite-reference-link-bracket\">[<\/span>8<span class=\"cite-reference-link-bracket\">]<\/span><\/a><\/sup> Nyare resultat indikerar \u00e4ven potentiella antiepileptiska och sm\u00e4rtstillande egenskaper hos Tianeptin, via antingen direkt eller indirekt modulation av adenosin A1-receptorerna (eftersom dessa effekter har funnits kunna blockeras av experimentella antagonister av denna receptor).<sup id=\"cite_ref-pmid17826881_9-0\" class=\"reference\"><a href=\"https:\/\/sv.wikipedia.org\/wiki\/Tianeptin#cite_note-pmid17826881-9\"><span class=\"cite-reference-link-bracket\">[<\/span>9<span class=\"cite-reference-link-bracket\">]<\/span><\/a><\/sup><\/p>\n<p>Tianeptin \u00e4r en l\u00e5geffekts men full agonist av de opioida \u03bc-<sup id=\"cite_ref-11\" class=\"reference\"><a href=\"https:\/\/sv.wikipedia.org\/wiki\/Tianeptin#cite_note-11\"><span class=\"cite-reference-link-bracket\">[<\/span>note 1<span class=\"cite-reference-link-bracket\">]<\/span><\/a><\/sup> och \u03b4- receptorerna, men inte p\u00e5 \u03ba-receptorerna.<\/p>\n<p>Opiata \u03bc-agonister inducerar i regel eufori och s\u00e5 har \u00e4ven Tianeptin funnits g\u00f6ra, p\u00e5 doser l\u00e5ngt ut\u00f6ver de som anv\u00e4nds inom v\u00e5rden av patienter.<sup id=\"cite_ref-12\" class=\"reference\"><a href=\"https:\/\/sv.wikipedia.org\/wiki\/Tianeptin#cite_note-12\"><span class=\"cite-reference-link-bracket\">[<\/span>11<span class=\"cite-reference-link-bracket\">]<\/span><\/a><\/sup><\/p>\n<p>Tianeptin uppt\u00e4cktes och patenterades av Franska Nationalinstitutet f\u00f6r Medicin i Paris &#8211; <i>Soci\u00e9t\u00e9 de M\u00e9decine de Paris \u2013<\/i> p\u00e5 1960-talet. F\u00f6r tillf\u00e4llet \u00e4r Tianeptin godk\u00e4nd i Frankrike d\u00e4r den tillverkas och marknadsf\u00f6rs av Laboratories Servier SA, men den marknadsf\u00f6rs under licens i ett flertal andra europeiska l\u00e4nder under varunamn som \u201dCoaxil\u201d, s\u00e5v\u00e4l som i Asien (inklusive Singapore) och Latinamerika under namnen \u201dStablon\u201d och \u201dTatinol\u201d men den \u00e4r inte tillg\u00e4nglig p\u00e5 marknaden i Australien, Kanada, Nya Zeeland, Storbritannien eller USA.<sup id=\"cite_ref-akiki_6-1\" class=\"reference\"><a href=\"https:\/\/sv.wikipedia.org\/wiki\/Tianeptin#cite_note-akiki-6\"><span class=\"cite-reference-link-bracket\">[<\/span>6<span class=\"cite-reference-link-bracket\">]<\/span><\/a><\/sup><sup id=\"cite_ref-MD_13-0\" class=\"reference\"><a href=\"https:\/\/sv.wikipedia.org\/wiki\/Tianeptin#cite_note-MD-13\"><span class=\"cite-reference-link-bracket\">[<\/span>12<span class=\"cite-reference-link-bracket\">]<\/span><\/a><\/sup><\/p>\n<p>Ej heller \u00e4r Tianeptin godk\u00e4nt av l\u00e4kemedelsverket i Sverige.<\/p>\n<h3><span id=\"Depression_and_anxiety\" class=\"mw-headline\">Depression och \u00e5ngest<\/span><\/h3>\n<p class=\"\" data-start=\"67\" data-end=\"1063\">Tianeptin visar effekt mot allvarliga depressiva episoder (<a href=\"https:\/\/en.wikipedia.org\/wiki\/Major_depression\" target=\"_blank\" rel=\"noopener\">sv\u00e5r depression<\/a>), j\u00e4mf\u00f6rbar med <a href=\"https:\/\/en.wikipedia.org\/wiki\/Amitriptyline\" target=\"_blank\" rel=\"noopener\">amitriptylin<\/a>, <a href=\"https:\/\/en.wikipedia.org\/wiki\/Imipramine\" target=\"_blank\" rel=\"noopener\">imipramin<\/a> och <a title=\"Fluoxetine\" href=\"https:\/\/en.wikipedia.org\/wiki\/Fluoxetine\">fluoxetine<\/a>, men med avsev\u00e4rt f\u00e4rre biverkningar.[14] Det har visat sig vara mer effektivt \u00e4n maprotilin i en grupp personer med samtidig depression och \u00e5ngest.[6] Tianeptin uppvisar ocks\u00e5 betydande \u00e5ngestd\u00e4mpande egenskaper och \u00e4r anv\u00e4ndbart vid behandling av ett spektrum av \u00e5ngestsjukdomar, inklusive <a href=\"https:\/\/en.wikipedia.org\/wiki\/Panic_disorder\" target=\"_blank\" rel=\"noopener\">paniksyndrom<\/a>, vilket styrks av en studie d\u00e4r personer som fick 35 % <a href=\"https:\/\/en.wikipedia.org\/wiki\/Carbon_dioxide\" target=\"_blank\" rel=\"noopener\">CO\u2082<\/a>-gas (<a href=\"https:\/\/en.wikipedia.org\/wiki\/Carbogen\" target=\"_blank\" rel=\"noopener\">karbogen<\/a>) under behandling med <a title=\"Paroxetine\" href=\"https:\/\/en.wikipedia.org\/wiki\/Paroxetine\">paroxetine<\/a> eller tianeptin uppvisade likv\u00e4rdiga panikh\u00e4mmande effekter.[20] Liksom m\u00e5nga antidepressiva (inklusive <a title=\"Bupropion\" href=\"https:\/\/en.wikipedia.org\/wiki\/Bupropion\">bupropion<\/a>, <a href=\"https:\/\/en.wikipedia.org\/wiki\/Selective_serotonin_reuptake_inhibitors\" target=\"_blank\" rel=\"noopener\">selektiva serotonin\u00e5terupptagsh\u00e4mmare<\/a>, <a href=\"https:\/\/en.wikipedia.org\/wiki\/Serotonin-norepinephrine_reuptake_inhibitors\" target=\"_blank\" rel=\"noopener\">serotonin-noradrenalin\u00e5terupptagsh\u00e4mmare<\/a>, <a href=\"https:\/\/en.wikipedia.org\/wiki\/Moclobemide\" target=\"_blank\" rel=\"noopener\">moklobemid<\/a> och flera andra) kan det \u00e4ven ha en positiv effekt p\u00e5 kognitionen hos personer med <a href=\"https:\/\/en.wikipedia.org\/wiki\/Pseudodementia\" target=\"_blank\" rel=\"noopener\">depression-inducerad kognitiv dysfunktion.[21]<\/a> En studie fr\u00e5n 2005 i Egypten visade att tianeptin var effektivt hos m\u00e4n med depression och <a href=\"https:\/\/en.wikipedia.org\/wiki\/Erectile_dysfunction\" target=\"_blank\" rel=\"noopener\">erektil dysfunktion.[22]<\/a><\/p>\n<h3><span id=\"Other_uses\" class=\"mw-headline\">Andra anv\u00e4ndningsomr\u00e5den<\/span><\/h3>\n<p class=\"\" data-start=\"67\" data-end=\"341\">En klinisk studie som j\u00e4mf\u00f6rde effektivitet och tolerabilitet mellan tianeptin och <a href=\"https:\/\/en.wikipedia.org\/wiki\/Amitriptyline\" target=\"_blank\" rel=\"noopener\">amitriptylin<\/a> vid behandling av <a href=\"https:\/\/en.wikipedia.org\/wiki\/Irritable_bowel_syndrome\" target=\"_blank\" rel=\"noopener\">irritabel tarm<\/a> (IBS) visade att tianeptin var minst lika effektivt som amitriptylin och gav f\u00e4rre framtr\u00e4dande biverkningar som muntorrhet och f\u00f6rstoppning.<\/p>\n<p class=\"\" data-start=\"343\" data-end=\"1298\">Tianeptin har rapporterats vara mycket effektivt mot <a title=\"Asthma\" href=\"https:\/\/en.wikipedia.org\/wiki\/Asthma\">asthma<\/a>. I augusti 1998 publicerade Dr. Fuad Lechin och kollegor vid Institutet f\u00f6r experimentell medicin p\u00e5 <a href=\"https:\/\/en.wikipedia.org\/wiki\/Central_University_of_Venezuela\" target=\"_blank\" rel=\"noopener\">Centraluniversitetet i Venezuela<\/a> i <a title=\"Caracas\" href=\"https:\/\/en.wikipedia.org\/wiki\/Caracas\">Caracas<\/a> resultaten av en 52-veckors <a href=\"https:\/\/en.wikipedia.org\/wiki\/Randomized_controlled_trial\" target=\"_blank\" rel=\"noopener\">randomiserad kontrollerad studie<\/a> p\u00e5 astmatiska barn; barnen i de grupper som fick tianeptin visade en kraftig minskning i klinisk bed\u00f6mning samt f\u00f6rb\u00e4ttrad lungfunktion. Tv\u00e5 \u00e5r tidigare hade de funnit ett tydligt positivt samband mellan fritt serotonin i <a title=\"Blood plasma\" href=\"https:\/\/en.wikipedia.org\/wiki\/Blood_plasma\">plasma<\/a> och astmasv\u00e5righetsgrad hos symtomatiska personer. Eftersom tianeptin var det enda \u00e4mnet som b\u00e5de kunde minska fritt serotonin i plasma och \u00f6ka upptaget i trombocyter, valde de att anv\u00e4nda det f\u00f6r att unders\u00f6ka om s\u00e4nkning av serotoninhalten kunde hj\u00e4lpa. I november 2004 hade tv\u00e5 dubbelblinda placebokontrollerade crossover-studier samt en \u00f6ppen studie med \u00f6ver 25 000 deltagare under mer \u00e4n sju \u00e5rs tid genomf\u00f6rts \u2013 alla visade p\u00e5 effektivitet.<\/p>\n<p class=\"\" data-start=\"1300\" data-end=\"1673\">Tianeptin har \u00e4ven visat sig ha <a href=\"https:\/\/en.wikipedia.org\/wiki\/Anticonvulsant\" target=\"_blank\" rel=\"noopener\">antikonvulsiva<\/a> och<a href=\"https:\/\/en.wikipedia.org\/wiki\/Analgesic\" target=\"_blank\" rel=\"noopener\"> sm\u00e4rtlindrande<\/a> egenskaper, och en klinisk studie i Spanien som avslutades i januari 2007 visade att tianeptin \u00e4r effektivt vid behandling av sm\u00e4rta orsakad av <a href=\"https:\/\/en.wikipedia.org\/wiki\/Fibromyalgia\" target=\"_blank\" rel=\"noopener\">fibromyalgi<\/a>. Tianeptin har ocks\u00e5 visat sig vara effektivt med minimala biverkningar vid behandling av <a href=\"https:\/\/en.wikipedia.org\/wiki\/Attention-deficit_hyperactivity_disorder\" target=\"_blank\" rel=\"noopener\">uppm\u00e4rksamhetsst\u00f6rning med hyperaktivitet<\/a> (ADHD).[30]<\/p>\n","protected":false},"excerpt":{"rendered":"<p><strong>Klass:<\/strong> Tianeptine\u00a0 0.20mg<\/p>\n<p>Ej f\u00f6r konsumtion utan forskningspellets.<\/p>\n<p><strong>Form:<\/strong> Tablett, Vit rund med kryss<\/p>\n<p><strong>Inneh\u00e5ll:<\/strong> Tianeptine Sodium<\/p>\n<p>Den som \u00e4r nyfiken kan l\u00e4sa f\u00f6ljande fr\u00e5n Wikipedia Ref : https:\/\/sv.wikipedia.org\/wiki\/Tianeptin<\/p>\n","protected":false},"featured_media":92,"template":"","meta":[],"product_brand":[],"product_cat":[16],"product_tag":[],"class_list":{"0":"post-6836","1":"product","2":"type-product","3":"status-publish","4":"has-post-thumbnail","6":"product_cat-kemikalier","8":"first","9":"instock","10":"purchasable","11":"product-type-variable","12":"has-default-attributes"},"yoast_head":"<!-- This site is optimized with the Yoast SEO plugin v27.5 - https:\/\/yoast.com\/product\/yoast-seo-wordpress\/ -->\n<title>Tianeptin\/e Tabletter 0.20mg | RC-INRIKES.COM<\/title>\n<meta name=\"robots\" content=\"index, follow, max-snippet:-1, max-image-preview:large, max-video-preview:-1\" \/>\n<link rel=\"canonical\" href=\"https:\/\/rc-inrikes.com\/shop\/product\/tianeptin-e-tabletter-0-20mg\/\" \/>\n<meta property=\"og:locale\" content=\"sv_SE\" \/>\n<meta property=\"og:type\" content=\"article\" \/>\n<meta property=\"og:title\" content=\"Tianeptin\/e Tabletter 0.20mg | RC-INRIKES.COM\" \/>\n<meta property=\"og:description\" content=\"Klass: Tianeptine\u00a0 0.20mg  Ej f\u00f6r konsumtion utan forskningspellets.  Form: Tablett, Vit rund med kryss  Inneh\u00e5ll: Tianeptine Sodium  Den som \u00e4r nyfiken kan l\u00e4sa f\u00f6ljande fr\u00e5n Wikipedia Ref : https:\/\/sv.wikipedia.org\/wiki\/Tianeptin\" \/>\n<meta property=\"og:url\" content=\"https:\/\/rc-inrikes.com\/shop\/product\/tianeptin-e-tabletter-0-20mg\/\" \/>\n<meta property=\"og:site_name\" content=\"RC-INRIKES.COM\" \/>\n<meta property=\"article:modified_time\" content=\"2025-04-12T01:52:52+00:00\" \/>\n<meta property=\"og:image\" content=\"https:\/\/rc-inrikes.com\/shop\/wp-content\/uploads\/2019\/05\/Piller.jpg\" \/>\n\t<meta property=\"og:image:width\" content=\"1000\" \/>\n\t<meta property=\"og:image:height\" content=\"664\" \/>\n\t<meta property=\"og:image:type\" content=\"image\/jpeg\" \/>\n<meta name=\"twitter:card\" content=\"summary_large_image\" \/>\n<meta name=\"twitter:label1\" content=\"Ber\u00e4knad l\u00e4stid\" \/>\n\t<meta name=\"twitter:data1\" content=\"4 minuter\" \/>\n<script type=\"application\/ld+json\" class=\"yoast-schema-graph\">{\"@context\":\"https:\\\/\\\/schema.org\",\"@graph\":[{\"@type\":\"WebPage\",\"@id\":\"https:\\\/\\\/rc-inrikes.com\\\/shop\\\/product\\\/tianeptin-e-tabletter-0-20mg\\\/\",\"url\":\"https:\\\/\\\/rc-inrikes.com\\\/shop\\\/product\\\/tianeptin-e-tabletter-0-20mg\\\/\",\"name\":\"Tianeptin\\\/e Tabletter 0.20mg | RC-INRIKES.COM\",\"isPartOf\":{\"@id\":\"https:\\\/\\\/rc-inrikes.com\\\/shop\\\/#website\"},\"primaryImageOfPage\":{\"@id\":\"https:\\\/\\\/rc-inrikes.com\\\/shop\\\/product\\\/tianeptin-e-tabletter-0-20mg\\\/#primaryimage\"},\"image\":{\"@id\":\"https:\\\/\\\/rc-inrikes.com\\\/shop\\\/product\\\/tianeptin-e-tabletter-0-20mg\\\/#primaryimage\"},\"thumbnailUrl\":\"https:\\\/\\\/rc-inrikes.com\\\/shop\\\/wp-content\\\/uploads\\\/2019\\\/05\\\/Piller.jpg\",\"datePublished\":\"2018-06-24T14:34:35+00:00\",\"dateModified\":\"2025-04-12T01:52:52+00:00\",\"breadcrumb\":{\"@id\":\"https:\\\/\\\/rc-inrikes.com\\\/shop\\\/product\\\/tianeptin-e-tabletter-0-20mg\\\/#breadcrumb\"},\"inLanguage\":\"sv-SE\",\"potentialAction\":[{\"@type\":\"ReadAction\",\"target\":[\"https:\\\/\\\/rc-inrikes.com\\\/shop\\\/product\\\/tianeptin-e-tabletter-0-20mg\\\/\"]}]},{\"@type\":\"ImageObject\",\"inLanguage\":\"sv-SE\",\"@id\":\"https:\\\/\\\/rc-inrikes.com\\\/shop\\\/product\\\/tianeptin-e-tabletter-0-20mg\\\/#primaryimage\",\"url\":\"https:\\\/\\\/rc-inrikes.com\\\/shop\\\/wp-content\\\/uploads\\\/2019\\\/05\\\/Piller.jpg\",\"contentUrl\":\"https:\\\/\\\/rc-inrikes.com\\\/shop\\\/wp-content\\\/uploads\\\/2019\\\/05\\\/Piller.jpg\",\"width\":1000,\"height\":664},{\"@type\":\"BreadcrumbList\",\"@id\":\"https:\\\/\\\/rc-inrikes.com\\\/shop\\\/product\\\/tianeptin-e-tabletter-0-20mg\\\/#breadcrumb\",\"itemListElement\":[{\"@type\":\"ListItem\",\"position\":1,\"name\":\"Home\",\"item\":\"https:\\\/\\\/rc-inrikes.com\\\/shop\\\/\"},{\"@type\":\"ListItem\",\"position\":2,\"name\":\"Butik\",\"item\":\"https:\\\/\\\/rc-inrikes.com\\\/shop\\\/\"},{\"@type\":\"ListItem\",\"position\":3,\"name\":\"Tianeptin\\\/e Tabletter 0.20mg\"}]},{\"@type\":\"WebSite\",\"@id\":\"https:\\\/\\\/rc-inrikes.com\\\/shop\\\/#website\",\"url\":\"https:\\\/\\\/rc-inrikes.com\\\/shop\\\/\",\"name\":\"RC-INRIKES.COM\",\"description\":\"FORSKNINGSKEMIKALIER P\u00c5 N\u00c4TET\",\"publisher\":{\"@id\":\"https:\\\/\\\/rc-inrikes.com\\\/shop\\\/#organization\"},\"potentialAction\":[{\"@type\":\"SearchAction\",\"target\":{\"@type\":\"EntryPoint\",\"urlTemplate\":\"https:\\\/\\\/rc-inrikes.com\\\/shop\\\/?s={search_term_string}\"},\"query-input\":{\"@type\":\"PropertyValueSpecification\",\"valueRequired\":true,\"valueName\":\"search_term_string\"}}],\"inLanguage\":\"sv-SE\"},{\"@type\":\"Organization\",\"@id\":\"https:\\\/\\\/rc-inrikes.com\\\/shop\\\/#organization\",\"name\":\"RC-INRIKES.COM\",\"url\":\"https:\\\/\\\/rc-inrikes.com\\\/shop\\\/\",\"logo\":{\"@type\":\"ImageObject\",\"inLanguage\":\"sv-SE\",\"@id\":\"https:\\\/\\\/rc-inrikes.com\\\/shop\\\/#\\\/schema\\\/logo\\\/image\\\/\",\"url\":\"https:\\\/\\\/rc-inrikes.com\\\/shop\\\/wp-content\\\/uploads\\\/2019\\\/05\\\/1022molecule.jpg\",\"contentUrl\":\"https:\\\/\\\/rc-inrikes.com\\\/shop\\\/wp-content\\\/uploads\\\/2019\\\/05\\\/1022molecule.jpg\",\"width\":600,\"height\":603,\"caption\":\"RC-INRIKES.COM\"},\"image\":{\"@id\":\"https:\\\/\\\/rc-inrikes.com\\\/shop\\\/#\\\/schema\\\/logo\\\/image\\\/\"}}]}<\/script>\n<!-- \/ Yoast SEO plugin. -->","yoast_head_json":{"title":"Tianeptin\/e Tabletter 0.20mg | RC-INRIKES.COM","robots":{"index":"index","follow":"follow","max-snippet":"max-snippet:-1","max-image-preview":"max-image-preview:large","max-video-preview":"max-video-preview:-1"},"canonical":"https:\/\/rc-inrikes.com\/shop\/product\/tianeptin-e-tabletter-0-20mg\/","og_locale":"sv_SE","og_type":"article","og_title":"Tianeptin\/e Tabletter 0.20mg | RC-INRIKES.COM","og_description":"Klass: Tianeptine\u00a0 0.20mg  Ej f\u00f6r konsumtion utan forskningspellets.  Form: Tablett, Vit rund med kryss  Inneh\u00e5ll: Tianeptine Sodium  Den som \u00e4r nyfiken kan l\u00e4sa f\u00f6ljande fr\u00e5n Wikipedia Ref : https:\/\/sv.wikipedia.org\/wiki\/Tianeptin","og_url":"https:\/\/rc-inrikes.com\/shop\/product\/tianeptin-e-tabletter-0-20mg\/","og_site_name":"RC-INRIKES.COM","article_modified_time":"2025-04-12T01:52:52+00:00","og_image":[{"width":1000,"height":664,"url":"https:\/\/rc-inrikes.com\/shop\/wp-content\/uploads\/2019\/05\/Piller.jpg","type":"image\/jpeg"}],"twitter_card":"summary_large_image","twitter_misc":{"Ber\u00e4knad l\u00e4stid":"4 minuter"},"schema":{"@context":"https:\/\/schema.org","@graph":[{"@type":"WebPage","@id":"https:\/\/rc-inrikes.com\/shop\/product\/tianeptin-e-tabletter-0-20mg\/","url":"https:\/\/rc-inrikes.com\/shop\/product\/tianeptin-e-tabletter-0-20mg\/","name":"Tianeptin\/e Tabletter 0.20mg | RC-INRIKES.COM","isPartOf":{"@id":"https:\/\/rc-inrikes.com\/shop\/#website"},"primaryImageOfPage":{"@id":"https:\/\/rc-inrikes.com\/shop\/product\/tianeptin-e-tabletter-0-20mg\/#primaryimage"},"image":{"@id":"https:\/\/rc-inrikes.com\/shop\/product\/tianeptin-e-tabletter-0-20mg\/#primaryimage"},"thumbnailUrl":"https:\/\/rc-inrikes.com\/shop\/wp-content\/uploads\/2019\/05\/Piller.jpg","datePublished":"2018-06-24T14:34:35+00:00","dateModified":"2025-04-12T01:52:52+00:00","breadcrumb":{"@id":"https:\/\/rc-inrikes.com\/shop\/product\/tianeptin-e-tabletter-0-20mg\/#breadcrumb"},"inLanguage":"sv-SE","potentialAction":[{"@type":"ReadAction","target":["https:\/\/rc-inrikes.com\/shop\/product\/tianeptin-e-tabletter-0-20mg\/"]}]},{"@type":"ImageObject","inLanguage":"sv-SE","@id":"https:\/\/rc-inrikes.com\/shop\/product\/tianeptin-e-tabletter-0-20mg\/#primaryimage","url":"https:\/\/rc-inrikes.com\/shop\/wp-content\/uploads\/2019\/05\/Piller.jpg","contentUrl":"https:\/\/rc-inrikes.com\/shop\/wp-content\/uploads\/2019\/05\/Piller.jpg","width":1000,"height":664},{"@type":"BreadcrumbList","@id":"https:\/\/rc-inrikes.com\/shop\/product\/tianeptin-e-tabletter-0-20mg\/#breadcrumb","itemListElement":[{"@type":"ListItem","position":1,"name":"Home","item":"https:\/\/rc-inrikes.com\/shop\/"},{"@type":"ListItem","position":2,"name":"Butik","item":"https:\/\/rc-inrikes.com\/shop\/"},{"@type":"ListItem","position":3,"name":"Tianeptin\/e Tabletter 0.20mg"}]},{"@type":"WebSite","@id":"https:\/\/rc-inrikes.com\/shop\/#website","url":"https:\/\/rc-inrikes.com\/shop\/","name":"RC-INRIKES.COM","description":"FORSKNINGSKEMIKALIER P\u00c5 N\u00c4TET","publisher":{"@id":"https:\/\/rc-inrikes.com\/shop\/#organization"},"potentialAction":[{"@type":"SearchAction","target":{"@type":"EntryPoint","urlTemplate":"https:\/\/rc-inrikes.com\/shop\/?s={search_term_string}"},"query-input":{"@type":"PropertyValueSpecification","valueRequired":true,"valueName":"search_term_string"}}],"inLanguage":"sv-SE"},{"@type":"Organization","@id":"https:\/\/rc-inrikes.com\/shop\/#organization","name":"RC-INRIKES.COM","url":"https:\/\/rc-inrikes.com\/shop\/","logo":{"@type":"ImageObject","inLanguage":"sv-SE","@id":"https:\/\/rc-inrikes.com\/shop\/#\/schema\/logo\/image\/","url":"https:\/\/rc-inrikes.com\/shop\/wp-content\/uploads\/2019\/05\/1022molecule.jpg","contentUrl":"https:\/\/rc-inrikes.com\/shop\/wp-content\/uploads\/2019\/05\/1022molecule.jpg","width":600,"height":603,"caption":"RC-INRIKES.COM"},"image":{"@id":"https:\/\/rc-inrikes.com\/shop\/#\/schema\/logo\/image\/"}}]}},"_links":{"self":[{"href":"https:\/\/rc-inrikes.com\/shop\/wp-json\/wp\/v2\/product\/6836","targetHints":{"allow":["GET"]}}],"collection":[{"href":"https:\/\/rc-inrikes.com\/shop\/wp-json\/wp\/v2\/product"}],"about":[{"href":"https:\/\/rc-inrikes.com\/shop\/wp-json\/wp\/v2\/types\/product"}],"wp:featuredmedia":[{"embeddable":true,"href":"https:\/\/rc-inrikes.com\/shop\/wp-json\/wp\/v2\/media\/92"}],"wp:attachment":[{"href":"https:\/\/rc-inrikes.com\/shop\/wp-json\/wp\/v2\/media?parent=6836"}],"wp:term":[{"taxonomy":"product_brand","embeddable":true,"href":"https:\/\/rc-inrikes.com\/shop\/wp-json\/wp\/v2\/product_brand?post=6836"},{"taxonomy":"product_cat","embeddable":true,"href":"https:\/\/rc-inrikes.com\/shop\/wp-json\/wp\/v2\/product_cat?post=6836"},{"taxonomy":"product_tag","embeddable":true,"href":"https:\/\/rc-inrikes.com\/shop\/wp-json\/wp\/v2\/product_tag?post=6836"}],"curies":[{"name":"wp","href":"https:\/\/api.w.org\/{rel}","templated":true}]}}