{"id":2850,"date":"2020-12-31T00:40:57","date_gmt":"2020-12-31T00:40:57","guid":{"rendered":"https:\/\/rc-inrikes.com\/shop\/?post_type=product&#038;p=2850"},"modified":"2025-09-12T15:10:44","modified_gmt":"2025-09-12T15:10:44","slug":"4c-4-mar-pulver","status":"publish","type":"product","link":"https:\/\/rc-inrikes.com\/shop\/product\/4c-4-mar-pulver\/","title":{"rendered":"4C-4-MAR -Pulver. I lager."},"content":{"rendered":"<p class=\"\" data-start=\"67\" data-end=\"974\"><strong data-start=\"67\" data-end=\"104\">4-Klor-4-metylaminorex (4C-4-MAR)<\/strong> \u00e4r en stimulerande substans i klassen 2-amino-5-aryloxazoliner som f\u00f6rst syntetiserades 1960 av McNeil Laboratories. 4C-MAR har effekter j\u00e4mf\u00f6rbara med metamfetamin men med l\u00e4ngre duration. Det ger l\u00e5ngvariga effekter, vanligtvis upp till 16 timmar vid oral administrering och upp till 12 timmar vid r\u00f6kning eller insufflation. Enligt anekdotiska rapporter kan stora doser ge effekter som varar upp till 36 timmar. Effekterna \u00e4r stimulerande till sin natur och inkluderar eufori, \u00f6kad uppm\u00e4rksamhet och f\u00f6rb\u00e4ttrad kognition. Anekdotiskt har det rapporterats ge effekter liknande nootropika. Det finns dock ingen forskning som st\u00f6der p\u00e5st\u00e5endet att det skiljer sig fr\u00e5n eller \u00e4r mer effektivt \u00e4n andra psykostimulerande medel i detta avseende. Dessutom har 4C-MAR inte den etablerade s\u00e4kerhetsprofilen som kliniskt anv\u00e4nda psykostimulerande l\u00e4kemedel s\u00e5som metylfenidat.<\/p>\n<p class=\"\" data-start=\"976\" data-end=\"1076\"><strong data-start=\"976\" data-end=\"1076\">Denna produkt \u00e4r avsedd endast f\u00f6r laboratorieforskning och f\u00e5r inte anv\u00e4ndas f\u00f6r andra \u00e4ndam\u00e5l.<\/strong><\/p>\n","protected":false},"excerpt":{"rendered":"<p class=\"\" data-start=\"61\" data-end=\"329\"><strong data-start=\"61\" data-end=\"98\">4-Klor-4-metylaminorex (4C-4-MAR)<\/strong> \u00e4r en stimulerande substans i klassen 2-amino-5-aryloxazoliner som f\u00f6rst syntetiserades 1960 av McNeil Laboratories. 4C-MAR har effekter som \u00e4r j\u00e4mf\u00f6rbara med metamfetamin, men med l\u00e4ngre verkningstid. Det ger l\u00e5ngvariga effekter.<\/p>\n<p class=\"\" data-start=\"331\" data-end=\"490\"><strong data-start=\"331\" data-end=\"346\">Artikelkod:<\/strong> 4C-MAR .PULVER<br data-start=\"361\" data-end=\"364\" \/><strong data-start=\"364\" data-end=\"382\">Formellt namn:<\/strong> 5-(4-klorfenyl)-4-metyl-4,5-dihydrooxazol-2-amin<br data-start=\"431\" data-end=\"434\" \/><strong data-start=\"434\" data-end=\"452\">Kemisk formel:<\/strong> C10H11ClN2O<br data-start=\"464\" data-end=\"467\" data-is-only-node=\"\" \/><strong data-start=\"467\" data-end=\"483\">Molekylvikt:<\/strong> 210,66<\/p>\n<h3><strong>INTE F\u00d6R M\u00c4NSKLIGT BRUK<\/strong><\/h3>\n<p>4C-4-MAR \u00e4r en syntetisk stimulantia av katinonklassen som utvecklades i mitten av 2019 och har rapporterats som en ny designerdrog.<\/p>\n","protected":false},"featured_media":91,"template":"","meta":[],"product_brand":[],"product_cat":[16],"product_tag":[],"class_list":{"0":"post-2850","1":"product","2":"type-product","3":"status-publish","4":"has-post-thumbnail","6":"product_cat-kemikalier","8":"first","9":"instock","10":"purchasable","11":"product-type-variable","12":"has-default-attributes"},"yoast_head":"<!-- This site is optimized with the Yoast SEO plugin v27.5 - https:\/\/yoast.com\/product\/yoast-seo-wordpress\/ -->\n<title>4C-4-MAR -Pulver. I lager. | RC-INRIKES.COM<\/title>\n<meta name=\"robots\" content=\"index, follow, max-snippet:-1, max-image-preview:large, max-video-preview:-1\" \/>\n<link rel=\"canonical\" href=\"https:\/\/rc-inrikes.com\/shop\/product\/4c-4-mar-pulver\/\" \/>\n<meta property=\"og:locale\" content=\"sv_SE\" \/>\n<meta property=\"og:type\" content=\"article\" \/>\n<meta property=\"og:title\" content=\"4C-4-MAR -Pulver. I lager. | RC-INRIKES.COM\" \/>\n<meta property=\"og:description\" content=\"4-Klor-4-metylaminorex (4C-4-MAR) \u00e4r en stimulerande substans i klassen 2-amino-5-aryloxazoliner som f\u00f6rst syntetiserades 1960 av McNeil Laboratories. 4C-MAR har effekter som \u00e4r j\u00e4mf\u00f6rbara med metamfetamin, men med l\u00e4ngre verkningstid. Det ger l\u00e5ngvariga effekter. Artikelkod: 4C-MAR .PULVERFormellt namn: 5-(4-klorfenyl)-4-metyl-4,5-dihydrooxazol-2-aminKemisk formel: C10H11ClN2OMolekylvikt: 210,66  INTE F\u00d6R M\u00c4NSKLIGT BRUK 4C-4-MAR \u00e4r en syntetisk stimulantia av katinonklassen som utvecklades i mitten av 2019 och har rapporterats som en ny designerdrog.\" \/>\n<meta property=\"og:url\" content=\"https:\/\/rc-inrikes.com\/shop\/product\/4c-4-mar-pulver\/\" \/>\n<meta property=\"og:site_name\" content=\"RC-INRIKES.COM\" \/>\n<meta property=\"article:modified_time\" content=\"2025-09-12T15:10:44+00:00\" \/>\n<meta property=\"og:image\" content=\"https:\/\/rc-inrikes.com\/shop\/wp-content\/uploads\/2019\/05\/1022molecule.jpg\" \/>\n\t<meta property=\"og:image:width\" content=\"600\" \/>\n\t<meta property=\"og:image:height\" content=\"603\" \/>\n\t<meta property=\"og:image:type\" content=\"image\/jpeg\" \/>\n<meta name=\"twitter:card\" content=\"summary_large_image\" \/>\n<meta name=\"twitter:label1\" content=\"Ber\u00e4knad l\u00e4stid\" \/>\n\t<meta name=\"twitter:data1\" content=\"1 minut\" \/>\n<script type=\"application\/ld+json\" class=\"yoast-schema-graph\">{\"@context\":\"https:\\\/\\\/schema.org\",\"@graph\":[{\"@type\":\"WebPage\",\"@id\":\"https:\\\/\\\/rc-inrikes.com\\\/shop\\\/product\\\/4c-4-mar-pulver\\\/\",\"url\":\"https:\\\/\\\/rc-inrikes.com\\\/shop\\\/product\\\/4c-4-mar-pulver\\\/\",\"name\":\"4C-4-MAR -Pulver. I lager. | RC-INRIKES.COM\",\"isPartOf\":{\"@id\":\"https:\\\/\\\/rc-inrikes.com\\\/shop\\\/#website\"},\"primaryImageOfPage\":{\"@id\":\"https:\\\/\\\/rc-inrikes.com\\\/shop\\\/product\\\/4c-4-mar-pulver\\\/#primaryimage\"},\"image\":{\"@id\":\"https:\\\/\\\/rc-inrikes.com\\\/shop\\\/product\\\/4c-4-mar-pulver\\\/#primaryimage\"},\"thumbnailUrl\":\"https:\\\/\\\/rc-inrikes.com\\\/shop\\\/wp-content\\\/uploads\\\/2019\\\/05\\\/1022molecule.jpg\",\"datePublished\":\"2020-12-31T00:40:57+00:00\",\"dateModified\":\"2025-09-12T15:10:44+00:00\",\"breadcrumb\":{\"@id\":\"https:\\\/\\\/rc-inrikes.com\\\/shop\\\/product\\\/4c-4-mar-pulver\\\/#breadcrumb\"},\"inLanguage\":\"sv-SE\",\"potentialAction\":[{\"@type\":\"ReadAction\",\"target\":[\"https:\\\/\\\/rc-inrikes.com\\\/shop\\\/product\\\/4c-4-mar-pulver\\\/\"]}]},{\"@type\":\"ImageObject\",\"inLanguage\":\"sv-SE\",\"@id\":\"https:\\\/\\\/rc-inrikes.com\\\/shop\\\/product\\\/4c-4-mar-pulver\\\/#primaryimage\",\"url\":\"https:\\\/\\\/rc-inrikes.com\\\/shop\\\/wp-content\\\/uploads\\\/2019\\\/05\\\/1022molecule.jpg\",\"contentUrl\":\"https:\\\/\\\/rc-inrikes.com\\\/shop\\\/wp-content\\\/uploads\\\/2019\\\/05\\\/1022molecule.jpg\",\"width\":600,\"height\":603},{\"@type\":\"BreadcrumbList\",\"@id\":\"https:\\\/\\\/rc-inrikes.com\\\/shop\\\/product\\\/4c-4-mar-pulver\\\/#breadcrumb\",\"itemListElement\":[{\"@type\":\"ListItem\",\"position\":1,\"name\":\"Home\",\"item\":\"https:\\\/\\\/rc-inrikes.com\\\/shop\\\/\"},{\"@type\":\"ListItem\",\"position\":2,\"name\":\"Butik\",\"item\":\"https:\\\/\\\/rc-inrikes.com\\\/shop\\\/\"},{\"@type\":\"ListItem\",\"position\":3,\"name\":\"4C-4-MAR -Pulver. I lager.\"}]},{\"@type\":\"WebSite\",\"@id\":\"https:\\\/\\\/rc-inrikes.com\\\/shop\\\/#website\",\"url\":\"https:\\\/\\\/rc-inrikes.com\\\/shop\\\/\",\"name\":\"RC-INRIKES.COM\",\"description\":\"FORSKNINGSKEMIKALIER P\u00c5 N\u00c4TET\",\"publisher\":{\"@id\":\"https:\\\/\\\/rc-inrikes.com\\\/shop\\\/#organization\"},\"potentialAction\":[{\"@type\":\"SearchAction\",\"target\":{\"@type\":\"EntryPoint\",\"urlTemplate\":\"https:\\\/\\\/rc-inrikes.com\\\/shop\\\/?s={search_term_string}\"},\"query-input\":{\"@type\":\"PropertyValueSpecification\",\"valueRequired\":true,\"valueName\":\"search_term_string\"}}],\"inLanguage\":\"sv-SE\"},{\"@type\":\"Organization\",\"@id\":\"https:\\\/\\\/rc-inrikes.com\\\/shop\\\/#organization\",\"name\":\"RC-INRIKES.COM\",\"url\":\"https:\\\/\\\/rc-inrikes.com\\\/shop\\\/\",\"logo\":{\"@type\":\"ImageObject\",\"inLanguage\":\"sv-SE\",\"@id\":\"https:\\\/\\\/rc-inrikes.com\\\/shop\\\/#\\\/schema\\\/logo\\\/image\\\/\",\"url\":\"https:\\\/\\\/rc-inrikes.com\\\/shop\\\/wp-content\\\/uploads\\\/2019\\\/05\\\/1022molecule.jpg\",\"contentUrl\":\"https:\\\/\\\/rc-inrikes.com\\\/shop\\\/wp-content\\\/uploads\\\/2019\\\/05\\\/1022molecule.jpg\",\"width\":600,\"height\":603,\"caption\":\"RC-INRIKES.COM\"},\"image\":{\"@id\":\"https:\\\/\\\/rc-inrikes.com\\\/shop\\\/#\\\/schema\\\/logo\\\/image\\\/\"}}]}<\/script>\n<!-- \/ Yoast SEO plugin. -->","yoast_head_json":{"title":"4C-4-MAR -Pulver. I lager. | RC-INRIKES.COM","robots":{"index":"index","follow":"follow","max-snippet":"max-snippet:-1","max-image-preview":"max-image-preview:large","max-video-preview":"max-video-preview:-1"},"canonical":"https:\/\/rc-inrikes.com\/shop\/product\/4c-4-mar-pulver\/","og_locale":"sv_SE","og_type":"article","og_title":"4C-4-MAR -Pulver. I lager. | RC-INRIKES.COM","og_description":"4-Klor-4-metylaminorex (4C-4-MAR) \u00e4r en stimulerande substans i klassen 2-amino-5-aryloxazoliner som f\u00f6rst syntetiserades 1960 av McNeil Laboratories. 4C-MAR har effekter som \u00e4r j\u00e4mf\u00f6rbara med metamfetamin, men med l\u00e4ngre verkningstid. Det ger l\u00e5ngvariga effekter. Artikelkod: 4C-MAR .PULVERFormellt namn: 5-(4-klorfenyl)-4-metyl-4,5-dihydrooxazol-2-aminKemisk formel: C10H11ClN2OMolekylvikt: 210,66  INTE F\u00d6R M\u00c4NSKLIGT BRUK 4C-4-MAR \u00e4r en syntetisk stimulantia av katinonklassen som utvecklades i mitten av 2019 och har rapporterats som en ny designerdrog.","og_url":"https:\/\/rc-inrikes.com\/shop\/product\/4c-4-mar-pulver\/","og_site_name":"RC-INRIKES.COM","article_modified_time":"2025-09-12T15:10:44+00:00","og_image":[{"width":600,"height":603,"url":"https:\/\/rc-inrikes.com\/shop\/wp-content\/uploads\/2019\/05\/1022molecule.jpg","type":"image\/jpeg"}],"twitter_card":"summary_large_image","twitter_misc":{"Ber\u00e4knad l\u00e4stid":"1 minut"},"schema":{"@context":"https:\/\/schema.org","@graph":[{"@type":"WebPage","@id":"https:\/\/rc-inrikes.com\/shop\/product\/4c-4-mar-pulver\/","url":"https:\/\/rc-inrikes.com\/shop\/product\/4c-4-mar-pulver\/","name":"4C-4-MAR -Pulver. I lager. | RC-INRIKES.COM","isPartOf":{"@id":"https:\/\/rc-inrikes.com\/shop\/#website"},"primaryImageOfPage":{"@id":"https:\/\/rc-inrikes.com\/shop\/product\/4c-4-mar-pulver\/#primaryimage"},"image":{"@id":"https:\/\/rc-inrikes.com\/shop\/product\/4c-4-mar-pulver\/#primaryimage"},"thumbnailUrl":"https:\/\/rc-inrikes.com\/shop\/wp-content\/uploads\/2019\/05\/1022molecule.jpg","datePublished":"2020-12-31T00:40:57+00:00","dateModified":"2025-09-12T15:10:44+00:00","breadcrumb":{"@id":"https:\/\/rc-inrikes.com\/shop\/product\/4c-4-mar-pulver\/#breadcrumb"},"inLanguage":"sv-SE","potentialAction":[{"@type":"ReadAction","target":["https:\/\/rc-inrikes.com\/shop\/product\/4c-4-mar-pulver\/"]}]},{"@type":"ImageObject","inLanguage":"sv-SE","@id":"https:\/\/rc-inrikes.com\/shop\/product\/4c-4-mar-pulver\/#primaryimage","url":"https:\/\/rc-inrikes.com\/shop\/wp-content\/uploads\/2019\/05\/1022molecule.jpg","contentUrl":"https:\/\/rc-inrikes.com\/shop\/wp-content\/uploads\/2019\/05\/1022molecule.jpg","width":600,"height":603},{"@type":"BreadcrumbList","@id":"https:\/\/rc-inrikes.com\/shop\/product\/4c-4-mar-pulver\/#breadcrumb","itemListElement":[{"@type":"ListItem","position":1,"name":"Home","item":"https:\/\/rc-inrikes.com\/shop\/"},{"@type":"ListItem","position":2,"name":"Butik","item":"https:\/\/rc-inrikes.com\/shop\/"},{"@type":"ListItem","position":3,"name":"4C-4-MAR -Pulver. I lager."}]},{"@type":"WebSite","@id":"https:\/\/rc-inrikes.com\/shop\/#website","url":"https:\/\/rc-inrikes.com\/shop\/","name":"RC-INRIKES.COM","description":"FORSKNINGSKEMIKALIER P\u00c5 N\u00c4TET","publisher":{"@id":"https:\/\/rc-inrikes.com\/shop\/#organization"},"potentialAction":[{"@type":"SearchAction","target":{"@type":"EntryPoint","urlTemplate":"https:\/\/rc-inrikes.com\/shop\/?s={search_term_string}"},"query-input":{"@type":"PropertyValueSpecification","valueRequired":true,"valueName":"search_term_string"}}],"inLanguage":"sv-SE"},{"@type":"Organization","@id":"https:\/\/rc-inrikes.com\/shop\/#organization","name":"RC-INRIKES.COM","url":"https:\/\/rc-inrikes.com\/shop\/","logo":{"@type":"ImageObject","inLanguage":"sv-SE","@id":"https:\/\/rc-inrikes.com\/shop\/#\/schema\/logo\/image\/","url":"https:\/\/rc-inrikes.com\/shop\/wp-content\/uploads\/2019\/05\/1022molecule.jpg","contentUrl":"https:\/\/rc-inrikes.com\/shop\/wp-content\/uploads\/2019\/05\/1022molecule.jpg","width":600,"height":603,"caption":"RC-INRIKES.COM"},"image":{"@id":"https:\/\/rc-inrikes.com\/shop\/#\/schema\/logo\/image\/"}}]}},"_links":{"self":[{"href":"https:\/\/rc-inrikes.com\/shop\/wp-json\/wp\/v2\/product\/2850","targetHints":{"allow":["GET"]}}],"collection":[{"href":"https:\/\/rc-inrikes.com\/shop\/wp-json\/wp\/v2\/product"}],"about":[{"href":"https:\/\/rc-inrikes.com\/shop\/wp-json\/wp\/v2\/types\/product"}],"wp:featuredmedia":[{"embeddable":true,"href":"https:\/\/rc-inrikes.com\/shop\/wp-json\/wp\/v2\/media\/91"}],"wp:attachment":[{"href":"https:\/\/rc-inrikes.com\/shop\/wp-json\/wp\/v2\/media?parent=2850"}],"wp:term":[{"taxonomy":"product_brand","embeddable":true,"href":"https:\/\/rc-inrikes.com\/shop\/wp-json\/wp\/v2\/product_brand?post=2850"},{"taxonomy":"product_cat","embeddable":true,"href":"https:\/\/rc-inrikes.com\/shop\/wp-json\/wp\/v2\/product_cat?post=2850"},{"taxonomy":"product_tag","embeddable":true,"href":"https:\/\/rc-inrikes.com\/shop\/wp-json\/wp\/v2\/product_tag?post=2850"}],"curies":[{"name":"wp","href":"https:\/\/api.w.org\/{rel}","templated":true}]}}