{"id":2828,"date":"2020-12-31T00:26:59","date_gmt":"2020-12-31T00:26:59","guid":{"rendered":"https:\/\/rc-inrikes.com\/shop\/?post_type=product&#038;p=2828"},"modified":"2025-04-12T17:15:05","modified_gmt":"2025-04-12T17:15:05","slug":"4f-mar","status":"publish","type":"product","link":"https:\/\/rc-inrikes.com\/shop\/product\/4f-mar\/","title":{"rendered":"4F-MAR"},"content":{"rendered":"","protected":false},"excerpt":{"rendered":"<div id=\"tab-description\" class=\"woocommerce-Tabs-panel woocommerce-Tabs-panel--description panel entry-content wc-tab\" role=\"tabpanel\" aria-labelledby=\"tab-title-description\">\n<p><strong data-start=\"118\" data-end=\"157\">4-Fluoro-4-metylaminorex (4F-4-MAR)<\/strong> \u00e4r en stimulerande substans i klassen 2-amino-5-aryloxazoliner som f\u00f6rst syntetiserades 1960 av McNeil Laboratories. 4F-MAR har effekter som \u00e4r j\u00e4mf\u00f6rbara med metamfetamin, men med l\u00e4ngre verkningstid. Det ger l\u00e5ngvariga effekter.<\/p>\n<\/div>\n<p class=\"brief_attr_item\"><strong data-start=\"395\" data-end=\"413\">Formellt namn:<\/strong> 5-(4-fluorfenyl)-4-metyl-4,5-dihydrooxazol-2-amin<br data-start=\"463\" data-end=\"466\" \/><strong data-start=\"466\" data-end=\"484\">Kemisk formel:<\/strong> C10H11FN2O<br data-start=\"495\" data-end=\"498\" \/><strong data-start=\"498\" data-end=\"514\">Molekylvikt:<\/strong> 194,21<\/p>\n<h3><strong>INTE F\u00d6R M\u00c4NSKLIGT BRUK<\/strong><\/h3>\n<p class=\"_1qeIAgB0cPwnLhDF9XSiJM\"><strong data-start=\"559\" data-end=\"571\">4F-4-MAR<\/strong> \u00e4r en syntetisk stimulantia av katinonklassen som utvecklades i mitten av 2019 och har rapporterats som en ny designerdrog.<\/p>\n","protected":false},"featured_media":91,"template":"","meta":[],"product_brand":[],"product_cat":[16],"product_tag":[],"class_list":{"0":"post-2828","1":"product","2":"type-product","3":"status-publish","4":"has-post-thumbnail","6":"product_cat-kemikalier","8":"first","9":"instock","10":"featured","11":"purchasable","12":"product-type-variable","13":"has-default-attributes"},"yoast_head":"<!-- This site is optimized with the Yoast SEO plugin v27.5 - https:\/\/yoast.com\/product\/yoast-seo-wordpress\/ -->\n<title>4F-MAR | RC-INRIKES.COM<\/title>\n<meta name=\"robots\" content=\"index, follow, max-snippet:-1, max-image-preview:large, max-video-preview:-1\" \/>\n<link rel=\"canonical\" href=\"https:\/\/rc-inrikes.com\/shop\/product\/4f-mar\/\" \/>\n<meta property=\"og:locale\" content=\"sv_SE\" \/>\n<meta property=\"og:type\" content=\"article\" \/>\n<meta property=\"og:title\" content=\"4F-MAR | RC-INRIKES.COM\" \/>\n<meta property=\"og:description\" content=\"4-Fluoro-4-metylaminorex (4F-4-MAR) \u00e4r en stimulerande substans i klassen 2-amino-5-aryloxazoliner som f\u00f6rst syntetiserades 1960 av McNeil Laboratories. 4F-MAR har effekter som \u00e4r j\u00e4mf\u00f6rbara med metamfetamin, men med l\u00e4ngre verkningstid. Det ger l\u00e5ngvariga effekter.   Formellt namn: 5-(4-fluorfenyl)-4-metyl-4,5-dihydrooxazol-2-aminKemisk formel: C10H11FN2OMolekylvikt: 194,21  INTE F\u00d6R M\u00c4NSKLIGT BRUK 4F-4-MAR \u00e4r en syntetisk stimulantia av katinonklassen som utvecklades i mitten av 2019 och har rapporterats som en ny designerdrog.\" \/>\n<meta property=\"og:url\" content=\"https:\/\/rc-inrikes.com\/shop\/product\/4f-mar\/\" \/>\n<meta property=\"og:site_name\" content=\"RC-INRIKES.COM\" \/>\n<meta property=\"article:modified_time\" content=\"2025-04-12T17:15:05+00:00\" \/>\n<meta property=\"og:image\" content=\"https:\/\/rc-inrikes.com\/shop\/wp-content\/uploads\/2019\/05\/1022molecule.jpg\" \/>\n\t<meta property=\"og:image:width\" content=\"600\" \/>\n\t<meta property=\"og:image:height\" content=\"603\" \/>\n\t<meta property=\"og:image:type\" content=\"image\/jpeg\" \/>\n<meta name=\"twitter:card\" content=\"summary_large_image\" \/>\n<script type=\"application\/ld+json\" class=\"yoast-schema-graph\">{\"@context\":\"https:\\\/\\\/schema.org\",\"@graph\":[{\"@type\":\"WebPage\",\"@id\":\"https:\\\/\\\/rc-inrikes.com\\\/shop\\\/product\\\/4f-mar\\\/\",\"url\":\"https:\\\/\\\/rc-inrikes.com\\\/shop\\\/product\\\/4f-mar\\\/\",\"name\":\"4F-MAR | RC-INRIKES.COM\",\"isPartOf\":{\"@id\":\"https:\\\/\\\/rc-inrikes.com\\\/shop\\\/#website\"},\"primaryImageOfPage\":{\"@id\":\"https:\\\/\\\/rc-inrikes.com\\\/shop\\\/product\\\/4f-mar\\\/#primaryimage\"},\"image\":{\"@id\":\"https:\\\/\\\/rc-inrikes.com\\\/shop\\\/product\\\/4f-mar\\\/#primaryimage\"},\"thumbnailUrl\":\"https:\\\/\\\/rc-inrikes.com\\\/shop\\\/wp-content\\\/uploads\\\/2019\\\/05\\\/1022molecule.jpg\",\"datePublished\":\"2020-12-31T00:26:59+00:00\",\"dateModified\":\"2025-04-12T17:15:05+00:00\",\"breadcrumb\":{\"@id\":\"https:\\\/\\\/rc-inrikes.com\\\/shop\\\/product\\\/4f-mar\\\/#breadcrumb\"},\"inLanguage\":\"sv-SE\",\"potentialAction\":[{\"@type\":\"ReadAction\",\"target\":[\"https:\\\/\\\/rc-inrikes.com\\\/shop\\\/product\\\/4f-mar\\\/\"]}]},{\"@type\":\"ImageObject\",\"inLanguage\":\"sv-SE\",\"@id\":\"https:\\\/\\\/rc-inrikes.com\\\/shop\\\/product\\\/4f-mar\\\/#primaryimage\",\"url\":\"https:\\\/\\\/rc-inrikes.com\\\/shop\\\/wp-content\\\/uploads\\\/2019\\\/05\\\/1022molecule.jpg\",\"contentUrl\":\"https:\\\/\\\/rc-inrikes.com\\\/shop\\\/wp-content\\\/uploads\\\/2019\\\/05\\\/1022molecule.jpg\",\"width\":600,\"height\":603},{\"@type\":\"BreadcrumbList\",\"@id\":\"https:\\\/\\\/rc-inrikes.com\\\/shop\\\/product\\\/4f-mar\\\/#breadcrumb\",\"itemListElement\":[{\"@type\":\"ListItem\",\"position\":1,\"name\":\"Home\",\"item\":\"https:\\\/\\\/rc-inrikes.com\\\/shop\\\/\"},{\"@type\":\"ListItem\",\"position\":2,\"name\":\"Butik\",\"item\":\"https:\\\/\\\/rc-inrikes.com\\\/shop\\\/\"},{\"@type\":\"ListItem\",\"position\":3,\"name\":\"4F-MAR\"}]},{\"@type\":\"WebSite\",\"@id\":\"https:\\\/\\\/rc-inrikes.com\\\/shop\\\/#website\",\"url\":\"https:\\\/\\\/rc-inrikes.com\\\/shop\\\/\",\"name\":\"RC-INRIKES.COM\",\"description\":\"FORSKNINGSKEMIKALIER P\u00c5 N\u00c4TET\",\"publisher\":{\"@id\":\"https:\\\/\\\/rc-inrikes.com\\\/shop\\\/#organization\"},\"potentialAction\":[{\"@type\":\"SearchAction\",\"target\":{\"@type\":\"EntryPoint\",\"urlTemplate\":\"https:\\\/\\\/rc-inrikes.com\\\/shop\\\/?s={search_term_string}\"},\"query-input\":{\"@type\":\"PropertyValueSpecification\",\"valueRequired\":true,\"valueName\":\"search_term_string\"}}],\"inLanguage\":\"sv-SE\"},{\"@type\":\"Organization\",\"@id\":\"https:\\\/\\\/rc-inrikes.com\\\/shop\\\/#organization\",\"name\":\"RC-INRIKES.COM\",\"url\":\"https:\\\/\\\/rc-inrikes.com\\\/shop\\\/\",\"logo\":{\"@type\":\"ImageObject\",\"inLanguage\":\"sv-SE\",\"@id\":\"https:\\\/\\\/rc-inrikes.com\\\/shop\\\/#\\\/schema\\\/logo\\\/image\\\/\",\"url\":\"https:\\\/\\\/rc-inrikes.com\\\/shop\\\/wp-content\\\/uploads\\\/2019\\\/05\\\/1022molecule.jpg\",\"contentUrl\":\"https:\\\/\\\/rc-inrikes.com\\\/shop\\\/wp-content\\\/uploads\\\/2019\\\/05\\\/1022molecule.jpg\",\"width\":600,\"height\":603,\"caption\":\"RC-INRIKES.COM\"},\"image\":{\"@id\":\"https:\\\/\\\/rc-inrikes.com\\\/shop\\\/#\\\/schema\\\/logo\\\/image\\\/\"}}]}<\/script>\n<!-- \/ Yoast SEO plugin. -->","yoast_head_json":{"title":"4F-MAR | RC-INRIKES.COM","robots":{"index":"index","follow":"follow","max-snippet":"max-snippet:-1","max-image-preview":"max-image-preview:large","max-video-preview":"max-video-preview:-1"},"canonical":"https:\/\/rc-inrikes.com\/shop\/product\/4f-mar\/","og_locale":"sv_SE","og_type":"article","og_title":"4F-MAR | RC-INRIKES.COM","og_description":"4-Fluoro-4-metylaminorex (4F-4-MAR) \u00e4r en stimulerande substans i klassen 2-amino-5-aryloxazoliner som f\u00f6rst syntetiserades 1960 av McNeil Laboratories. 4F-MAR har effekter som \u00e4r j\u00e4mf\u00f6rbara med metamfetamin, men med l\u00e4ngre verkningstid. Det ger l\u00e5ngvariga effekter.   Formellt namn: 5-(4-fluorfenyl)-4-metyl-4,5-dihydrooxazol-2-aminKemisk formel: C10H11FN2OMolekylvikt: 194,21  INTE F\u00d6R M\u00c4NSKLIGT BRUK 4F-4-MAR \u00e4r en syntetisk stimulantia av katinonklassen som utvecklades i mitten av 2019 och har rapporterats som en ny designerdrog.","og_url":"https:\/\/rc-inrikes.com\/shop\/product\/4f-mar\/","og_site_name":"RC-INRIKES.COM","article_modified_time":"2025-04-12T17:15:05+00:00","og_image":[{"width":600,"height":603,"url":"https:\/\/rc-inrikes.com\/shop\/wp-content\/uploads\/2019\/05\/1022molecule.jpg","type":"image\/jpeg"}],"twitter_card":"summary_large_image","schema":{"@context":"https:\/\/schema.org","@graph":[{"@type":"WebPage","@id":"https:\/\/rc-inrikes.com\/shop\/product\/4f-mar\/","url":"https:\/\/rc-inrikes.com\/shop\/product\/4f-mar\/","name":"4F-MAR | RC-INRIKES.COM","isPartOf":{"@id":"https:\/\/rc-inrikes.com\/shop\/#website"},"primaryImageOfPage":{"@id":"https:\/\/rc-inrikes.com\/shop\/product\/4f-mar\/#primaryimage"},"image":{"@id":"https:\/\/rc-inrikes.com\/shop\/product\/4f-mar\/#primaryimage"},"thumbnailUrl":"https:\/\/rc-inrikes.com\/shop\/wp-content\/uploads\/2019\/05\/1022molecule.jpg","datePublished":"2020-12-31T00:26:59+00:00","dateModified":"2025-04-12T17:15:05+00:00","breadcrumb":{"@id":"https:\/\/rc-inrikes.com\/shop\/product\/4f-mar\/#breadcrumb"},"inLanguage":"sv-SE","potentialAction":[{"@type":"ReadAction","target":["https:\/\/rc-inrikes.com\/shop\/product\/4f-mar\/"]}]},{"@type":"ImageObject","inLanguage":"sv-SE","@id":"https:\/\/rc-inrikes.com\/shop\/product\/4f-mar\/#primaryimage","url":"https:\/\/rc-inrikes.com\/shop\/wp-content\/uploads\/2019\/05\/1022molecule.jpg","contentUrl":"https:\/\/rc-inrikes.com\/shop\/wp-content\/uploads\/2019\/05\/1022molecule.jpg","width":600,"height":603},{"@type":"BreadcrumbList","@id":"https:\/\/rc-inrikes.com\/shop\/product\/4f-mar\/#breadcrumb","itemListElement":[{"@type":"ListItem","position":1,"name":"Home","item":"https:\/\/rc-inrikes.com\/shop\/"},{"@type":"ListItem","position":2,"name":"Butik","item":"https:\/\/rc-inrikes.com\/shop\/"},{"@type":"ListItem","position":3,"name":"4F-MAR"}]},{"@type":"WebSite","@id":"https:\/\/rc-inrikes.com\/shop\/#website","url":"https:\/\/rc-inrikes.com\/shop\/","name":"RC-INRIKES.COM","description":"FORSKNINGSKEMIKALIER P\u00c5 N\u00c4TET","publisher":{"@id":"https:\/\/rc-inrikes.com\/shop\/#organization"},"potentialAction":[{"@type":"SearchAction","target":{"@type":"EntryPoint","urlTemplate":"https:\/\/rc-inrikes.com\/shop\/?s={search_term_string}"},"query-input":{"@type":"PropertyValueSpecification","valueRequired":true,"valueName":"search_term_string"}}],"inLanguage":"sv-SE"},{"@type":"Organization","@id":"https:\/\/rc-inrikes.com\/shop\/#organization","name":"RC-INRIKES.COM","url":"https:\/\/rc-inrikes.com\/shop\/","logo":{"@type":"ImageObject","inLanguage":"sv-SE","@id":"https:\/\/rc-inrikes.com\/shop\/#\/schema\/logo\/image\/","url":"https:\/\/rc-inrikes.com\/shop\/wp-content\/uploads\/2019\/05\/1022molecule.jpg","contentUrl":"https:\/\/rc-inrikes.com\/shop\/wp-content\/uploads\/2019\/05\/1022molecule.jpg","width":600,"height":603,"caption":"RC-INRIKES.COM"},"image":{"@id":"https:\/\/rc-inrikes.com\/shop\/#\/schema\/logo\/image\/"}}]}},"_links":{"self":[{"href":"https:\/\/rc-inrikes.com\/shop\/wp-json\/wp\/v2\/product\/2828","targetHints":{"allow":["GET"]}}],"collection":[{"href":"https:\/\/rc-inrikes.com\/shop\/wp-json\/wp\/v2\/product"}],"about":[{"href":"https:\/\/rc-inrikes.com\/shop\/wp-json\/wp\/v2\/types\/product"}],"wp:featuredmedia":[{"embeddable":true,"href":"https:\/\/rc-inrikes.com\/shop\/wp-json\/wp\/v2\/media\/91"}],"wp:attachment":[{"href":"https:\/\/rc-inrikes.com\/shop\/wp-json\/wp\/v2\/media?parent=2828"}],"wp:term":[{"taxonomy":"product_brand","embeddable":true,"href":"https:\/\/rc-inrikes.com\/shop\/wp-json\/wp\/v2\/product_brand?post=2828"},{"taxonomy":"product_cat","embeddable":true,"href":"https:\/\/rc-inrikes.com\/shop\/wp-json\/wp\/v2\/product_cat?post=2828"},{"taxonomy":"product_tag","embeddable":true,"href":"https:\/\/rc-inrikes.com\/shop\/wp-json\/wp\/v2\/product_tag?post=2828"}],"curies":[{"name":"wp","href":"https:\/\/api.w.org\/{rel}","templated":true}]}}