{"id":7,"date":"2019-05-29T18:17:45","date_gmt":"2019-05-29T18:17:45","guid":{"rendered":"https:\/\/rc-inrikes.com\/shop\/?page_id=7"},"modified":"2025-10-31T21:37:32","modified_gmt":"2025-10-31T21:37:32","slug":"betalningar","status":"publish","type":"page","link":"https:\/\/rc-inrikes.com\/shop\/betalningar\/","title":{"rendered":"Betalningar"},"content":{"rendered":"<h2><em>Det g\u00e5r att betala p\u00e5 2 olika vis: Bitcoins och Bankbetalning. <\/em><\/h2>\n<h4><span style=\"color: #000000;\"><em>Att l\u00e4ra sig Bitcoins \u00e4r en investering f\u00f6r framtiden f\u00f6r det kommer troligen bara bli mer och mer. Det \u00e4r som att l\u00e4ra sig Cykla, n\u00e4r man v\u00e4l l\u00e4rt sig det en g\u00e5ng s\u00e5 sitter det, och \u00e4r inte s\u00e5 kr\u00e5ngligt som man trodde. <strong>Vi ser betalningarna n\u00e4stan direkt, och er best\u00e4llning kan packas i stort s\u00e4tt direkt.<\/strong><br \/>\n<\/em><\/span><\/h4>\n<h4><span style=\"color: #000000;\"><em><strong>#1.<\/strong> Bankbetalning betalas genom att Ni v\u00e4ljer det alternativet i utcheckningen. Ni betalar d\u00e5 till v\u00e5rt konto, och beroende p\u00e5 Er bank och v\u00e5r s\u00e5 tar det fr\u00e5n n\u00e5gon minut till ett antal timmar innan vi ser betalningen.<br \/>\n<\/em><\/span><\/h4>\n<h4><span style=\"color: #000000;\"><em><strong>#2.<\/strong> Traditionella Bitcoins betalningar. Vi ser dess oftast inom 10-20 minuter!! Ni betalar d\u00e5 direkt i utcheckningen med bitcoins. Vi ska \u00e4ven f\u00f6rs\u00f6ka f\u00e5 in diverse &#8221;alt.coins&#8221; , Etherum, Bitcoin Cash mfl. Vi kommer premiera direkta bitcoin betalningar p\u00e5 olika s\u00e4tt.<br \/>\n<\/em><\/span><\/h4>\n<h4><\/h4>\n<h2><em>F\u00f6lj l\u00e4nken nedan f\u00f6r att l\u00e4sa hur man k\u00f6per Bitcoin med Swish, kreditkort, bank\u00f6verf\u00f6ring osv.<\/em><\/h2>\n<h4><span style=\"color: #000000;\"><em>All info man kan beh\u00f6va om Bitcoin. <\/em><\/span><\/h4>\n<h4><span style=\"color: #000000;\"><em>H\u00e4r \u00e4r en kort beskrivning hur man g\u00f6r f\u00f6r att k\u00f6pa och s\u00e4lja Bitcoin. <\/em><\/span><\/h4>\n<h4><span style=\"color: #000000;\"><em><strong>1.<\/strong> Ladda ner en Bitcoin pl\u00e5nbok (Wallet). Hur man laddar ner en Bitcoin Wallet. <a style=\"color: #000000;\" href=\"https:\/\/www.blockchain.com\/wallet\/android-app\/\/\">(Android)<\/a>. Hur man laddar ner en Bitcoin Wallet <a style=\"color: #000000;\" href=\"https:\/\/www.blockchain.com\/wallet\/iphone-app\">(Iphone)<\/a>. <\/em><\/span><\/h4>\n<h4><span style=\"color: #000000;\"><em>Det finns 100 tals wallet man kan anv\u00e4nda sig av, dessa tv\u00e5 \u00e4r bara exempel, alla wallets fungera att anv\u00e4nda).<\/em><\/span><\/h4>\n<h4><span style=\"color: #000000;\"><em>\u00a0<\/em><\/span><span style=\"color: #000000;\"><em><strong>2.<\/strong> K\u00f6p Bitcoins fr\u00e5n l\u00e4nkarna nedan. (Med Swish \u00e4r enklast). D\u00e4r \u00e4r det bara att fylla i uppgifterna. <\/em><\/span><\/h4>\n<h4><span style=\"color: #000000;\"><em>Hur man k\u00f6per Bitcoin? Mer information finns p\u00e5 <a style=\"color: #000000;\" href=\"https:\/\/www.bitcoin.se\/\/\">Bitcoin.se<\/a> <\/em><\/span><\/h4>\n<h4><span style=\"color: #000000;\"><em>Var k\u00f6per man Bitcoins? N\u00e5gra enkla och bra \u00e4r <\/em><em><a style=\"color: #000000;\" href=\"https:\/\/www.safello.se\/\/\">Safello.se<\/a> <\/em><em>och <\/em><em><a style=\"color: #000000;\" href=\"https:\/\/www.bt.cx\">Bt.Cx<\/a>. De tar en v\u00e4xlingsvavgift, men den kostar inte er som kund n\u00e5got d\u00e5 Ni f\u00e5r rabatt av oss. <\/em><\/span><\/h4>\n<h4><span style=\"color: #000000;\"><em>Detta Hj\u00e4lper oss ocks\u00e5 p\u00e5 att koncentrera oss p\u00e5 att skicka era f\u00f6rs\u00e4ndelser snabbast m\u00f6jligast utan att beh\u00f6va se vem som har betalat och inte.<br \/>\n<\/em><\/span><\/h4>\n<h4><span style=\"color: #000000;\"><em> <a style=\"color: #000000;\" href=\"https:\/\/www.localbitcoins.com\/\/\">Localbitcoins.com<\/a> Det finns 100 tals olika st\u00e4llen att k\u00f6pa Bitcoins p\u00e5, dessa tv\u00e5 \u00e4r bara exempel. <\/em><\/span><\/h4>\n<h4><span style=\"color: #000000;\"><em>Er egen Bitcoinadress f\u00e5r ni i appen ni laddat ner. <\/em><\/span><\/h4>\n<h4><span style=\"color: #000000;\"><em>En Bitcoin adress ser ut som detta exemplet (bc1qcas8gpa6eu4xnmwnhdktuf2vmxlvj834fm3qgx). <\/em><\/span><\/h4>\n<h4><span style=\"color: #000000;\"><em>Bara klicka p\u00e5 rutan med alla vita och svarta prickar och fyrkanter uppe i h\u00f6gra h\u00f6rnet inne i appen eller om det finns en &#8221;kopiera l\u00e4nk) knapp s\u00e5 anv\u00e4nd den.<\/em><\/span><\/h4>\n<h4><span style=\"color: #000000;\"><em>D\u00e5 \u00f6ppnas rutan upp, h\u00e5ll inne fingret (telefon) \/ v\u00e4nsterklicka (Dator) p\u00e5 rutan s\u00e5 kopieras er Bitcoinadress. <\/em><\/span><\/h4>\n<h4><span style=\"color: #000000;\"><em>Sen \u00e4r det bara att kopiera in adressen p\u00e5 &#8221;Din bitcoinadress&#8221; inne i formul\u00e4ret p\u00e5 den sidan du vill k\u00f6pa dina Bitcoin ifr\u00e5n tex. K\u00f6pa Bitcoin. (Bitcoin.se) <\/em><\/span><\/h4>\n<h4><span style=\"color: #000000;\"><em>K\u00f6pa Bitcoin. (Localbitcoin) <\/em><\/span><\/h4>\n<h4><span style=\"color: #000000;\"><em>\u00a0<\/em><\/span><span style=\"color: #000000;\"><em><strong>3.<\/strong> N\u00e4r ni f\u00e5tt era Bitcoin s\u00e5 kommer ni att se ert saldo inne i appen. N\u00e4r ni ser era Bitcoin s\u00e5 klickar ni p\u00e5 &#8221;skicka Bitcoin&#8221; inne i appen, v\u00e4ljer beloppet ni vill skicka. <\/em><\/span><\/h4>\n<h4><span style=\"color: #000000;\"><em>Sedan kopierar ni in rc-inrikes.com bitcoinadress (som ni f\u00e5tt p\u00e5 mail fr\u00e5n oss) under &#8221;Betala till&#8221; och trycker p\u00e5 &#8221;Skicka&#8221;.<\/em><\/span><\/h4>\n<p>&nbsp;<\/p>\n<h2><em>D\u00e5 \u00e4r ni klara med er best\u00e4llning. N\u00e4r man l\u00e4ser detta s\u00e5 l\u00e5ter det v\u00e4ldigt st\u00f6kigt, men det \u00e4r som att cykla, n\u00e4r man v\u00e4l gjort det n\u00e5gra g\u00e5nger s\u00e5 sitter det. <\/em><\/h2>\n<h3><\/h3>\n","protected":false},"excerpt":{"rendered":"<p>Det g\u00e5r att betala p\u00e5 2 olika vis: Bitcoins och Bankbetalning. Att l\u00e4ra sig Bitcoins \u00e4r en investering f\u00f6r framtiden f\u00f6r det kommer troligen bara bli mer och mer. Det \u00e4r som att l\u00e4ra sig Cykla, n\u00e4r man v\u00e4l l\u00e4rt sig det en g\u00e5ng s\u00e5 sitter det, och \u00e4r inte s\u00e5 kr\u00e5ngligt som man trodde. [&hellip;]<\/p>\n","protected":false},"author":1737,"featured_media":0,"parent":0,"menu_order":0,"comment_status":"closed","ping_status":"closed","template":"","meta":{"footnotes":""},"class_list":["post-7","page","type-page","status-publish","hentry"],"yoast_head":"<!-- This site is optimized with the Yoast SEO plugin v27.4 - https:\/\/yoast.com\/product\/yoast-seo-wordpress\/ -->\n<title>Betalningar | RC-INRIKES.COM<\/title>\n<meta name=\"robots\" content=\"index, follow, max-snippet:-1, max-image-preview:large, max-video-preview:-1\" \/>\n<link rel=\"canonical\" href=\"https:\/\/rc-inrikes.com\/shop\/betalningar\/\" \/>\n<meta property=\"og:locale\" content=\"sv_SE\" \/>\n<meta property=\"og:type\" content=\"article\" \/>\n<meta property=\"og:title\" content=\"Betalningar | RC-INRIKES.COM\" \/>\n<meta property=\"og:description\" content=\"Det g\u00e5r att betala p\u00e5 2 olika vis: Bitcoins och Bankbetalning. Att l\u00e4ra sig Bitcoins \u00e4r en investering f\u00f6r framtiden f\u00f6r det kommer troligen bara bli mer och mer. Det \u00e4r som att l\u00e4ra sig Cykla, n\u00e4r man v\u00e4l l\u00e4rt sig det en g\u00e5ng s\u00e5 sitter det, och \u00e4r inte s\u00e5 kr\u00e5ngligt som man trodde. [&hellip;]\" \/>\n<meta property=\"og:url\" content=\"https:\/\/rc-inrikes.com\/shop\/betalningar\/\" \/>\n<meta property=\"og:site_name\" content=\"RC-INRIKES.COM\" \/>\n<meta property=\"article:modified_time\" content=\"2025-10-31T21:37:32+00:00\" \/>\n<meta property=\"og:image\" content=\"https:\/\/rc-inrikes.com\/shop\/wp-content\/uploads\/2019\/05\/1022molecule.jpg\" \/>\n\t<meta property=\"og:image:width\" content=\"600\" \/>\n\t<meta property=\"og:image:height\" content=\"603\" \/>\n\t<meta property=\"og:image:type\" content=\"image\/jpeg\" \/>\n<meta name=\"twitter:card\" content=\"summary_large_image\" \/>\n<meta name=\"twitter:label1\" content=\"Ber\u00e4knad l\u00e4stid\" \/>\n\t<meta name=\"twitter:data1\" content=\"3 minuter\" \/>\n<script type=\"application\/ld+json\" class=\"yoast-schema-graph\">{\"@context\":\"https:\\\/\\\/schema.org\",\"@graph\":[{\"@type\":\"WebPage\",\"@id\":\"https:\\\/\\\/rc-inrikes.com\\\/shop\\\/betalningar\\\/\",\"url\":\"https:\\\/\\\/rc-inrikes.com\\\/shop\\\/betalningar\\\/\",\"name\":\"Betalningar | RC-INRIKES.COM\",\"isPartOf\":{\"@id\":\"https:\\\/\\\/rc-inrikes.com\\\/shop\\\/#website\"},\"datePublished\":\"2019-05-29T18:17:45+00:00\",\"dateModified\":\"2025-10-31T21:37:32+00:00\",\"breadcrumb\":{\"@id\":\"https:\\\/\\\/rc-inrikes.com\\\/shop\\\/betalningar\\\/#breadcrumb\"},\"inLanguage\":\"sv-SE\",\"potentialAction\":[{\"@type\":\"ReadAction\",\"target\":[\"https:\\\/\\\/rc-inrikes.com\\\/shop\\\/betalningar\\\/\"]}]},{\"@type\":\"BreadcrumbList\",\"@id\":\"https:\\\/\\\/rc-inrikes.com\\\/shop\\\/betalningar\\\/#breadcrumb\",\"itemListElement\":[{\"@type\":\"ListItem\",\"position\":1,\"name\":\"Home\",\"item\":\"https:\\\/\\\/rc-inrikes.com\\\/shop\\\/\"},{\"@type\":\"ListItem\",\"position\":2,\"name\":\"Betalningar\"}]},{\"@type\":\"WebSite\",\"@id\":\"https:\\\/\\\/rc-inrikes.com\\\/shop\\\/#website\",\"url\":\"https:\\\/\\\/rc-inrikes.com\\\/shop\\\/\",\"name\":\"RC-INRIKES.COM\",\"description\":\"FORSKNINGSKEMIKALIER P\u00c5 N\u00c4TET\",\"publisher\":{\"@id\":\"https:\\\/\\\/rc-inrikes.com\\\/shop\\\/#organization\"},\"potentialAction\":[{\"@type\":\"SearchAction\",\"target\":{\"@type\":\"EntryPoint\",\"urlTemplate\":\"https:\\\/\\\/rc-inrikes.com\\\/shop\\\/?s={search_term_string}\"},\"query-input\":{\"@type\":\"PropertyValueSpecification\",\"valueRequired\":true,\"valueName\":\"search_term_string\"}}],\"inLanguage\":\"sv-SE\"},{\"@type\":\"Organization\",\"@id\":\"https:\\\/\\\/rc-inrikes.com\\\/shop\\\/#organization\",\"name\":\"RC-INRIKES.COM\",\"url\":\"https:\\\/\\\/rc-inrikes.com\\\/shop\\\/\",\"logo\":{\"@type\":\"ImageObject\",\"inLanguage\":\"sv-SE\",\"@id\":\"https:\\\/\\\/rc-inrikes.com\\\/shop\\\/#\\\/schema\\\/logo\\\/image\\\/\",\"url\":\"https:\\\/\\\/rc-inrikes.com\\\/shop\\\/wp-content\\\/uploads\\\/2019\\\/05\\\/1022molecule.jpg\",\"contentUrl\":\"https:\\\/\\\/rc-inrikes.com\\\/shop\\\/wp-content\\\/uploads\\\/2019\\\/05\\\/1022molecule.jpg\",\"width\":600,\"height\":603,\"caption\":\"RC-INRIKES.COM\"},\"image\":{\"@id\":\"https:\\\/\\\/rc-inrikes.com\\\/shop\\\/#\\\/schema\\\/logo\\\/image\\\/\"}}]}<\/script>\n<!-- \/ Yoast SEO plugin. -->","yoast_head_json":{"title":"Betalningar | RC-INRIKES.COM","robots":{"index":"index","follow":"follow","max-snippet":"max-snippet:-1","max-image-preview":"max-image-preview:large","max-video-preview":"max-video-preview:-1"},"canonical":"https:\/\/rc-inrikes.com\/shop\/betalningar\/","og_locale":"sv_SE","og_type":"article","og_title":"Betalningar | RC-INRIKES.COM","og_description":"Det g\u00e5r att betala p\u00e5 2 olika vis: Bitcoins och Bankbetalning. Att l\u00e4ra sig Bitcoins \u00e4r en investering f\u00f6r framtiden f\u00f6r det kommer troligen bara bli mer och mer. Det \u00e4r som att l\u00e4ra sig Cykla, n\u00e4r man v\u00e4l l\u00e4rt sig det en g\u00e5ng s\u00e5 sitter det, och \u00e4r inte s\u00e5 kr\u00e5ngligt som man trodde. [&hellip;]","og_url":"https:\/\/rc-inrikes.com\/shop\/betalningar\/","og_site_name":"RC-INRIKES.COM","article_modified_time":"2025-10-31T21:37:32+00:00","og_image":[{"width":600,"height":603,"url":"https:\/\/rc-inrikes.com\/shop\/wp-content\/uploads\/2019\/05\/1022molecule.jpg","type":"image\/jpeg"}],"twitter_card":"summary_large_image","twitter_misc":{"Ber\u00e4knad l\u00e4stid":"3 minuter"},"schema":{"@context":"https:\/\/schema.org","@graph":[{"@type":"WebPage","@id":"https:\/\/rc-inrikes.com\/shop\/betalningar\/","url":"https:\/\/rc-inrikes.com\/shop\/betalningar\/","name":"Betalningar | RC-INRIKES.COM","isPartOf":{"@id":"https:\/\/rc-inrikes.com\/shop\/#website"},"datePublished":"2019-05-29T18:17:45+00:00","dateModified":"2025-10-31T21:37:32+00:00","breadcrumb":{"@id":"https:\/\/rc-inrikes.com\/shop\/betalningar\/#breadcrumb"},"inLanguage":"sv-SE","potentialAction":[{"@type":"ReadAction","target":["https:\/\/rc-inrikes.com\/shop\/betalningar\/"]}]},{"@type":"BreadcrumbList","@id":"https:\/\/rc-inrikes.com\/shop\/betalningar\/#breadcrumb","itemListElement":[{"@type":"ListItem","position":1,"name":"Home","item":"https:\/\/rc-inrikes.com\/shop\/"},{"@type":"ListItem","position":2,"name":"Betalningar"}]},{"@type":"WebSite","@id":"https:\/\/rc-inrikes.com\/shop\/#website","url":"https:\/\/rc-inrikes.com\/shop\/","name":"RC-INRIKES.COM","description":"FORSKNINGSKEMIKALIER P\u00c5 N\u00c4TET","publisher":{"@id":"https:\/\/rc-inrikes.com\/shop\/#organization"},"potentialAction":[{"@type":"SearchAction","target":{"@type":"EntryPoint","urlTemplate":"https:\/\/rc-inrikes.com\/shop\/?s={search_term_string}"},"query-input":{"@type":"PropertyValueSpecification","valueRequired":true,"valueName":"search_term_string"}}],"inLanguage":"sv-SE"},{"@type":"Organization","@id":"https:\/\/rc-inrikes.com\/shop\/#organization","name":"RC-INRIKES.COM","url":"https:\/\/rc-inrikes.com\/shop\/","logo":{"@type":"ImageObject","inLanguage":"sv-SE","@id":"https:\/\/rc-inrikes.com\/shop\/#\/schema\/logo\/image\/","url":"https:\/\/rc-inrikes.com\/shop\/wp-content\/uploads\/2019\/05\/1022molecule.jpg","contentUrl":"https:\/\/rc-inrikes.com\/shop\/wp-content\/uploads\/2019\/05\/1022molecule.jpg","width":600,"height":603,"caption":"RC-INRIKES.COM"},"image":{"@id":"https:\/\/rc-inrikes.com\/shop\/#\/schema\/logo\/image\/"}}]}},"_links":{"self":[{"href":"https:\/\/rc-inrikes.com\/shop\/wp-json\/wp\/v2\/pages\/7","targetHints":{"allow":["GET"]}}],"collection":[{"href":"https:\/\/rc-inrikes.com\/shop\/wp-json\/wp\/v2\/pages"}],"about":[{"href":"https:\/\/rc-inrikes.com\/shop\/wp-json\/wp\/v2\/types\/page"}],"author":[{"embeddable":true,"href":"https:\/\/rc-inrikes.com\/shop\/wp-json\/wp\/v2\/users\/1737"}],"replies":[{"embeddable":true,"href":"https:\/\/rc-inrikes.com\/shop\/wp-json\/wp\/v2\/comments?post=7"}],"version-history":[{"count":6,"href":"https:\/\/rc-inrikes.com\/shop\/wp-json\/wp\/v2\/pages\/7\/revisions"}],"predecessor-version":[{"id":9494,"href":"https:\/\/rc-inrikes.com\/shop\/wp-json\/wp\/v2\/pages\/7\/revisions\/9494"}],"wp:attachment":[{"href":"https:\/\/rc-inrikes.com\/shop\/wp-json\/wp\/v2\/media?parent=7"}],"curies":[{"name":"wp","href":"https:\/\/api.w.org\/{rel}","templated":true}]}}