{"id":117,"date":"2019-05-29T21:40:44","date_gmt":"2019-05-29T21:40:44","guid":{"rendered":"https:\/\/rc-inrikes.com\/shop\/?page_id=117"},"modified":"2025-10-31T21:38:20","modified_gmt":"2025-10-31T21:38:20","slug":"utskick-posten","status":"publish","type":"page","link":"https:\/\/rc-inrikes.com\/shop\/utskick-posten\/","title":{"rendered":"Utskick \/ Posten"},"content":{"rendered":"<h3><\/h3>\n<h3><em>Vi skickar normalt med vanliga brev med posten. Det tar normalt 1-2 dagar, undantag \u00e4r till postnummer som b\u00f6rjar p\u00e5 8 och 9 kan det ta 2-3 dagar -men ibland bara 1 dag. <\/em><\/h3>\n<h3><em>-Lite som ett lotteri med Postnord.:) Vi har provat posta till egna adresser fr\u00e5n brevl\u00e5d<\/em><em>or i n\u00e4rheten och det varierar mellan 1-2-3 dagar att f\u00e5 det vi sj\u00e4lva postat 100m bort. Vi garanterar dock inget annat \u00e4n att varje order postats. \u00d6verlag fungerar det utm\u00e4rkt dock &#8211; allt kommer fram. !! (&#8221;Den som v\u00e4nta p\u00e5 n\u00e5got gott&#8230;&#8221; resp. &#8221;Jultomten&#8230;&#8221; )<br \/>\n<\/em><\/h3>\n<h3><\/h3>\n<h3><\/h3>\n<h3><em>Som undantag skickar vi med Rek. om det \u00e4r en st\u00f6rre order till st\u00f6rre kostnad. <\/em><\/h3>\n<p><strong>\u00a0<\/strong><\/p>\n","protected":false},"excerpt":{"rendered":"<p>Vi skickar normalt med vanliga brev med posten. Det tar normalt 1-2 dagar, undantag \u00e4r till postnummer som b\u00f6rjar p\u00e5 8 och 9 kan det ta 2-3 dagar -men ibland bara 1 dag. -Lite som ett lotteri med Postnord.:) Vi har provat posta till egna adresser fr\u00e5n brevl\u00e5dor i n\u00e4rheten och det varierar mellan 1-2-3 [&hellip;]<\/p>\n","protected":false},"author":1737,"featured_media":0,"parent":0,"menu_order":0,"comment_status":"closed","ping_status":"closed","template":"","meta":{"footnotes":""},"class_list":["post-117","page","type-page","status-publish","hentry"],"yoast_head":"<!-- This site is optimized with the Yoast SEO plugin v27.5 - https:\/\/yoast.com\/product\/yoast-seo-wordpress\/ -->\n<title>Utskick \/ Posten | RC-INRIKES.COM<\/title>\n<meta name=\"robots\" content=\"index, follow, max-snippet:-1, max-image-preview:large, max-video-preview:-1\" \/>\n<link rel=\"canonical\" href=\"https:\/\/rc-inrikes.com\/shop\/utskick-posten\/\" \/>\n<meta property=\"og:locale\" content=\"sv_SE\" \/>\n<meta property=\"og:type\" content=\"article\" \/>\n<meta property=\"og:title\" content=\"Utskick \/ Posten | RC-INRIKES.COM\" \/>\n<meta property=\"og:description\" content=\"Vi skickar normalt med vanliga brev med posten. Det tar normalt 1-2 dagar, undantag \u00e4r till postnummer som b\u00f6rjar p\u00e5 8 och 9 kan det ta 2-3 dagar -men ibland bara 1 dag. -Lite som ett lotteri med Postnord.:) Vi har provat posta till egna adresser fr\u00e5n brevl\u00e5dor i n\u00e4rheten och det varierar mellan 1-2-3 [&hellip;]\" \/>\n<meta property=\"og:url\" content=\"https:\/\/rc-inrikes.com\/shop\/utskick-posten\/\" \/>\n<meta property=\"og:site_name\" content=\"RC-INRIKES.COM\" \/>\n<meta property=\"article:modified_time\" content=\"2025-10-31T21:38:20+00:00\" \/>\n<meta property=\"og:image\" content=\"https:\/\/rc-inrikes.com\/shop\/wp-content\/uploads\/2019\/05\/1022molecule.jpg\" \/>\n\t<meta property=\"og:image:width\" content=\"600\" \/>\n\t<meta property=\"og:image:height\" content=\"603\" \/>\n\t<meta property=\"og:image:type\" content=\"image\/jpeg\" \/>\n<meta name=\"twitter:card\" content=\"summary_large_image\" \/>\n<meta name=\"twitter:label1\" content=\"Ber\u00e4knad l\u00e4stid\" \/>\n\t<meta name=\"twitter:data1\" content=\"1 minut\" \/>\n<script type=\"application\/ld+json\" class=\"yoast-schema-graph\">{\"@context\":\"https:\\\/\\\/schema.org\",\"@graph\":[{\"@type\":\"WebPage\",\"@id\":\"https:\\\/\\\/rc-inrikes.com\\\/shop\\\/utskick-posten\\\/\",\"url\":\"https:\\\/\\\/rc-inrikes.com\\\/shop\\\/utskick-posten\\\/\",\"name\":\"Utskick \\\/ Posten | RC-INRIKES.COM\",\"isPartOf\":{\"@id\":\"https:\\\/\\\/rc-inrikes.com\\\/shop\\\/#website\"},\"datePublished\":\"2019-05-29T21:40:44+00:00\",\"dateModified\":\"2025-10-31T21:38:20+00:00\",\"breadcrumb\":{\"@id\":\"https:\\\/\\\/rc-inrikes.com\\\/shop\\\/utskick-posten\\\/#breadcrumb\"},\"inLanguage\":\"sv-SE\",\"potentialAction\":[{\"@type\":\"ReadAction\",\"target\":[\"https:\\\/\\\/rc-inrikes.com\\\/shop\\\/utskick-posten\\\/\"]}]},{\"@type\":\"BreadcrumbList\",\"@id\":\"https:\\\/\\\/rc-inrikes.com\\\/shop\\\/utskick-posten\\\/#breadcrumb\",\"itemListElement\":[{\"@type\":\"ListItem\",\"position\":1,\"name\":\"Home\",\"item\":\"https:\\\/\\\/rc-inrikes.com\\\/shop\\\/\"},{\"@type\":\"ListItem\",\"position\":2,\"name\":\"Utskick \\\/ Posten\"}]},{\"@type\":\"WebSite\",\"@id\":\"https:\\\/\\\/rc-inrikes.com\\\/shop\\\/#website\",\"url\":\"https:\\\/\\\/rc-inrikes.com\\\/shop\\\/\",\"name\":\"RC-INRIKES.COM\",\"description\":\"FORSKNINGSKEMIKALIER P\u00c5 N\u00c4TET\",\"publisher\":{\"@id\":\"https:\\\/\\\/rc-inrikes.com\\\/shop\\\/#organization\"},\"potentialAction\":[{\"@type\":\"SearchAction\",\"target\":{\"@type\":\"EntryPoint\",\"urlTemplate\":\"https:\\\/\\\/rc-inrikes.com\\\/shop\\\/?s={search_term_string}\"},\"query-input\":{\"@type\":\"PropertyValueSpecification\",\"valueRequired\":true,\"valueName\":\"search_term_string\"}}],\"inLanguage\":\"sv-SE\"},{\"@type\":\"Organization\",\"@id\":\"https:\\\/\\\/rc-inrikes.com\\\/shop\\\/#organization\",\"name\":\"RC-INRIKES.COM\",\"url\":\"https:\\\/\\\/rc-inrikes.com\\\/shop\\\/\",\"logo\":{\"@type\":\"ImageObject\",\"inLanguage\":\"sv-SE\",\"@id\":\"https:\\\/\\\/rc-inrikes.com\\\/shop\\\/#\\\/schema\\\/logo\\\/image\\\/\",\"url\":\"https:\\\/\\\/rc-inrikes.com\\\/shop\\\/wp-content\\\/uploads\\\/2019\\\/05\\\/1022molecule.jpg\",\"contentUrl\":\"https:\\\/\\\/rc-inrikes.com\\\/shop\\\/wp-content\\\/uploads\\\/2019\\\/05\\\/1022molecule.jpg\",\"width\":600,\"height\":603,\"caption\":\"RC-INRIKES.COM\"},\"image\":{\"@id\":\"https:\\\/\\\/rc-inrikes.com\\\/shop\\\/#\\\/schema\\\/logo\\\/image\\\/\"}}]}<\/script>\n<!-- \/ Yoast SEO plugin. -->","yoast_head_json":{"title":"Utskick \/ Posten | RC-INRIKES.COM","robots":{"index":"index","follow":"follow","max-snippet":"max-snippet:-1","max-image-preview":"max-image-preview:large","max-video-preview":"max-video-preview:-1"},"canonical":"https:\/\/rc-inrikes.com\/shop\/utskick-posten\/","og_locale":"sv_SE","og_type":"article","og_title":"Utskick \/ Posten | RC-INRIKES.COM","og_description":"Vi skickar normalt med vanliga brev med posten. Det tar normalt 1-2 dagar, undantag \u00e4r till postnummer som b\u00f6rjar p\u00e5 8 och 9 kan det ta 2-3 dagar -men ibland bara 1 dag. -Lite som ett lotteri med Postnord.:) Vi har provat posta till egna adresser fr\u00e5n brevl\u00e5dor i n\u00e4rheten och det varierar mellan 1-2-3 [&hellip;]","og_url":"https:\/\/rc-inrikes.com\/shop\/utskick-posten\/","og_site_name":"RC-INRIKES.COM","article_modified_time":"2025-10-31T21:38:20+00:00","og_image":[{"width":600,"height":603,"url":"https:\/\/rc-inrikes.com\/shop\/wp-content\/uploads\/2019\/05\/1022molecule.jpg","type":"image\/jpeg"}],"twitter_card":"summary_large_image","twitter_misc":{"Ber\u00e4knad l\u00e4stid":"1 minut"},"schema":{"@context":"https:\/\/schema.org","@graph":[{"@type":"WebPage","@id":"https:\/\/rc-inrikes.com\/shop\/utskick-posten\/","url":"https:\/\/rc-inrikes.com\/shop\/utskick-posten\/","name":"Utskick \/ Posten | RC-INRIKES.COM","isPartOf":{"@id":"https:\/\/rc-inrikes.com\/shop\/#website"},"datePublished":"2019-05-29T21:40:44+00:00","dateModified":"2025-10-31T21:38:20+00:00","breadcrumb":{"@id":"https:\/\/rc-inrikes.com\/shop\/utskick-posten\/#breadcrumb"},"inLanguage":"sv-SE","potentialAction":[{"@type":"ReadAction","target":["https:\/\/rc-inrikes.com\/shop\/utskick-posten\/"]}]},{"@type":"BreadcrumbList","@id":"https:\/\/rc-inrikes.com\/shop\/utskick-posten\/#breadcrumb","itemListElement":[{"@type":"ListItem","position":1,"name":"Home","item":"https:\/\/rc-inrikes.com\/shop\/"},{"@type":"ListItem","position":2,"name":"Utskick \/ Posten"}]},{"@type":"WebSite","@id":"https:\/\/rc-inrikes.com\/shop\/#website","url":"https:\/\/rc-inrikes.com\/shop\/","name":"RC-INRIKES.COM","description":"FORSKNINGSKEMIKALIER P\u00c5 N\u00c4TET","publisher":{"@id":"https:\/\/rc-inrikes.com\/shop\/#organization"},"potentialAction":[{"@type":"SearchAction","target":{"@type":"EntryPoint","urlTemplate":"https:\/\/rc-inrikes.com\/shop\/?s={search_term_string}"},"query-input":{"@type":"PropertyValueSpecification","valueRequired":true,"valueName":"search_term_string"}}],"inLanguage":"sv-SE"},{"@type":"Organization","@id":"https:\/\/rc-inrikes.com\/shop\/#organization","name":"RC-INRIKES.COM","url":"https:\/\/rc-inrikes.com\/shop\/","logo":{"@type":"ImageObject","inLanguage":"sv-SE","@id":"https:\/\/rc-inrikes.com\/shop\/#\/schema\/logo\/image\/","url":"https:\/\/rc-inrikes.com\/shop\/wp-content\/uploads\/2019\/05\/1022molecule.jpg","contentUrl":"https:\/\/rc-inrikes.com\/shop\/wp-content\/uploads\/2019\/05\/1022molecule.jpg","width":600,"height":603,"caption":"RC-INRIKES.COM"},"image":{"@id":"https:\/\/rc-inrikes.com\/shop\/#\/schema\/logo\/image\/"}}]}},"_links":{"self":[{"href":"https:\/\/rc-inrikes.com\/shop\/wp-json\/wp\/v2\/pages\/117","targetHints":{"allow":["GET"]}}],"collection":[{"href":"https:\/\/rc-inrikes.com\/shop\/wp-json\/wp\/v2\/pages"}],"about":[{"href":"https:\/\/rc-inrikes.com\/shop\/wp-json\/wp\/v2\/types\/page"}],"author":[{"embeddable":true,"href":"https:\/\/rc-inrikes.com\/shop\/wp-json\/wp\/v2\/users\/1737"}],"replies":[{"embeddable":true,"href":"https:\/\/rc-inrikes.com\/shop\/wp-json\/wp\/v2\/comments?post=117"}],"version-history":[{"count":1,"href":"https:\/\/rc-inrikes.com\/shop\/wp-json\/wp\/v2\/pages\/117\/revisions"}],"predecessor-version":[{"id":118,"href":"https:\/\/rc-inrikes.com\/shop\/wp-json\/wp\/v2\/pages\/117\/revisions\/118"}],"wp:attachment":[{"href":"https:\/\/rc-inrikes.com\/shop\/wp-json\/wp\/v2\/media?parent=117"}],"curies":[{"name":"wp","href":"https:\/\/api.w.org\/{rel}","templated":true}]}}